{"id":749,"date":"2025-05-22T19:56:40","date_gmt":"2025-05-22T17:56:40","guid":{"rendered":"https:\/\/villasylvia.com\/?page_id=749"},"modified":"2026-03-12T11:45:57","modified_gmt":"2026-03-12T10:45:57","slug":"kontakt","status":"publish","type":"page","link":"https:\/\/annasela.com\/sk\/kontakt\/","title":{"rendered":"Kontakt"},"content":{"rendered":"\t\t<div data-elementor-type=\"wp-page\" data-elementor-id=\"749\" class=\"elementor elementor-749\" data-elementor-post-type=\"page\">\n\t\t\t\t<div class=\"elementor-element elementor-element-29002c9 section-xl e-flex e-con-boxed e-con e-parent\" data-id=\"29002c9\" data-element_type=\"container\" data-e-type=\"container\" data-settings=\"{&quot;shape_divider_bottom&quot;:&quot;curve-asymmetrical&quot;}\">\n\t\t\t\t\t<div class=\"e-con-inner\">\n\t\t\t\t<div class=\"elementor-shape elementor-shape-bottom\" aria-hidden=\"true\" data-negative=\"false\">\n\t\t\t<svg xmlns=\"http:\/\/www.w3.org\/2000\/svg\" viewBox=\"0 0 1000 100\" preserveAspectRatio=\"none\">\n\t<path class=\"elementor-shape-fill\" d=\"M0,0c0,0,0,6,0,6.7c0,18,240.2,93.6,615.2,92.6C989.8,98.5,1000,25,1000,6.7c0-0.7,0-6.7,0-6.7H0z\"\/>\n<\/svg>\t\t<\/div>\n\t\t<div class=\"elementor-element elementor-element-0dbde47 e-con-full e-flex e-con e-child\" data-id=\"0dbde47\" data-element_type=\"container\" data-e-type=\"container\">\n\t\t\t\t<div class=\"elementor-element elementor-element-610dd0b elementor-invisible elementor-widget elementor-widget-heading\" data-id=\"610dd0b\" data-element_type=\"widget\" data-e-type=\"widget\" data-settings=\"{&quot;_animation&quot;:&quot;bounceInDown&quot;}\" data-widget_type=\"heading.default\">\n\t\t\t\t\t<h2 class=\"elementor-heading-title elementor-size-default\">M\u00e1te otazky?<\/h2>\t\t\t\t<\/div>\n\t\t\t\t<div class=\"elementor-element elementor-element-a25afcc elementor-invisible elementor-widget elementor-widget-heading\" data-id=\"a25afcc\" data-element_type=\"widget\" data-e-type=\"widget\" data-settings=\"{&quot;_animation&quot;:&quot;bounceInRight&quot;,&quot;_animation_delay&quot;:500}\" data-widget_type=\"heading.default\">\n\t\t\t\t\t<h2 class=\"elementor-heading-title elementor-size-default\">Sme tu pre V\u00e1s!<\/h2>\t\t\t\t<\/div>\n\t\t\t\t<div class=\"elementor-element elementor-element-4c8ff02 elementor-button-align-start elementor-widget__width-initial elementor-invisible elementor-widget elementor-widget-form\" data-id=\"4c8ff02\" data-element_type=\"widget\" data-e-type=\"widget\" data-settings=\"{&quot;step_next_label&quot;:&quot;Next&quot;,&quot;step_previous_label&quot;:&quot;Previous&quot;,&quot;_animation&quot;:&quot;fadeIn&quot;,&quot;_animation_delay&quot;:1000,&quot;button_width&quot;:&quot;100&quot;,&quot;step_type&quot;:&quot;number_text&quot;,&quot;step_icon_shape&quot;:&quot;circle&quot;}\" data-widget_type=\"form.default\">\n\t\t\t\t\t\t\t<form class=\"elementor-form\" method=\"post\" name=\"Contact Form\" aria-label=\"Contact Form\">\r\n\t\t\t<input type=\"hidden\" name=\"post_id\" value=\"749\"\/>\r\n\t\t\t<input type=\"hidden\" name=\"form_id\" value=\"4c8ff02\"\/>\r\n\t\t\t<input type=\"hidden\" name=\"referer_title\" value=\"Kontakt\" \/>\r\n\r\n\t\t\t\t\t\t\t<input type=\"hidden\" name=\"queried_id\" value=\"749\"\/>\r\n\t\t\t\r\n\t\t\t<div class=\"elementor-form-fields-wrapper elementor-labels-\">\r\n\t\t\t\t\t\t\t\t<div class=\"elementor-field-type-text elementor-field-group elementor-column elementor-field-group-first_name elementor-col-50 elementor-field-required\">\r\n\t\t\t\t\t\t\t\t\t\t\t\t<label for=\"form-field-first_name\" class=\"elementor-field-label elementor-screen-only\">\r\n\t\t\t\t\t\t\t\tMeno\t\t\t\t\t\t\t<\/label>\r\n\t\t\t\t\t\t\t\t\t\t\t\t\t\t<input size=\"1\" type=\"text\" name=\"form_fields[first_name]\" id=\"form-field-first_name\" class=\"elementor-field elementor-size-sm  elementor-field-textual\" placeholder=\"Meno\" required=\"required\">\r\n\t\t\t\t\t\t\t\t\t\t\t<\/div>\r\n\t\t\t\t\t\t\t\t<div class=\"elementor-field-type-text elementor-field-group elementor-column elementor-field-group-last_name elementor-col-50 elementor-field-required\">\r\n\t\t\t\t\t\t\t\t\t\t\t\t<label for=\"form-field-last_name\" class=\"elementor-field-label elementor-screen-only\">\r\n\t\t\t\t\t\t\t\tPriezvisko\t\t\t\t\t\t\t<\/label>\r\n\t\t\t\t\t\t\t\t\t\t\t\t\t\t<input size=\"1\" type=\"text\" name=\"form_fields[last_name]\" id=\"form-field-last_name\" class=\"elementor-field elementor-size-sm  elementor-field-textual\" placeholder=\"Priezvisko\" required=\"required\">\r\n\t\t\t\t\t\t\t\t\t\t\t<\/div>\r\n\t\t\t\t\t\t\t\t<div class=\"elementor-field-type-tel elementor-field-group elementor-column elementor-field-group-phone elementor-col-50 elementor-field-required\">\r\n\t\t\t\t\t\t\t\t\t\t\t\t<label for=\"form-field-phone\" class=\"elementor-field-label elementor-screen-only\">\r\n\t\t\t\t\t\t\t\tTelef\u00f3n\t\t\t\t\t\t\t<\/label>\r\n\t\t\t\t\t\t\t\t<input size=\"1\" type=\"tel\" name=\"form_fields[phone]\" id=\"form-field-phone\" class=\"elementor-field elementor-size-sm  elementor-field-textual\" placeholder=\"Telef\u00f3n\" required=\"required\" pattern=\"[0-9()#&amp;+*-=.]+\" title=\"Akceptovan\u00e9 s\u00fa len \u010d\u00edsla a telef\u00f3nne znaky (#, -, * at\u010f.).\">\r\n\r\n\t\t\t\t\t\t<\/div>\r\n\t\t\t\t\t\t\t\t<div class=\"elementor-field-type-email elementor-field-group elementor-column elementor-field-group-email elementor-col-50 elementor-field-required\">\r\n\t\t\t\t\t\t\t\t\t\t\t\t<label for=\"form-field-email\" class=\"elementor-field-label elementor-screen-only\">\r\n\t\t\t\t\t\t\t\tEmail\t\t\t\t\t\t\t<\/label>\r\n\t\t\t\t\t\t\t\t\t\t\t\t\t\t<input size=\"1\" type=\"email\" name=\"form_fields[email]\" id=\"form-field-email\" class=\"elementor-field elementor-size-sm  elementor-field-textual\" placeholder=\"Email\" required=\"required\">\r\n\t\t\t\t\t\t\t\t\t\t\t<\/div>\r\n\t\t\t\t\t\t\t\t<div class=\"elementor-field-type-textarea elementor-field-group elementor-column elementor-field-group-message elementor-col-100 elementor-field-required\">\r\n\t\t\t\t\t\t\t\t\t\t\t\t<label for=\"form-field-message\" class=\"elementor-field-label elementor-screen-only\">\r\n\t\t\t\t\t\t\t\tSpr\u00e1va\t\t\t\t\t\t\t<\/label>\r\n\t\t\t\t\t\t<textarea class=\"elementor-field-textual elementor-field  elementor-size-sm\" name=\"form_fields[message]\" id=\"form-field-message\" rows=\"4\" placeholder=\"Spr\u00e1va\" required=\"required\"><\/textarea>\t\t\t\t<\/div>\r\n\t\t\t\t\t\t\t\t<div class=\"elementor-field-type-text\">\r\n\t\t\t\t\t<input size=\"1\" type=\"text\" name=\"form_fields[confirm_email]\" id=\"form-field-confirm_email\" class=\"elementor-field elementor-size-sm \" style=\"display:none !important;\">\t\t\t\t<\/div>\r\n\t\t\t\t\t\t\t\t<div class=\"elementor-field-type-acceptance elementor-field-group elementor-column elementor-field-group-field_3f8ef92 elementor-col-100 elementor-field-required\">\r\n\t\t\t\t\t\t\t\t\t\t\t\t<label for=\"form-field-field_3f8ef92\" class=\"elementor-field-label elementor-screen-only\">\r\n\t\t\t\t\t\t\t\tS\u00fahlas\t\t\t\t\t\t\t<\/label>\r\n\t\t\t\t\t\t\t\t<div class=\"elementor-field-subgroup\">\r\n\t\t\t<span class=\"elementor-field-option\">\r\n\t\t\t\t<input type=\"checkbox\" name=\"form_fields[field_3f8ef92]\" id=\"form-field-field_3f8ef92\" class=\"elementor-field elementor-size-sm  elementor-acceptance-field\" required=\"required\">\r\n\t\t\t\t<label for=\"form-field-field_3f8ef92\">Pre\u010d&iacute;tal(a) som si a s&uacute;hlas&iacute;m s <a href=\"\/obchodne-podmienky\" target=\"_blank\">obchodn&yacute;mi podmienkami<\/a> a&nbsp;<a href=\"\/ochrana-osobnych-udajov\/\" target=\"_blank\">z&aacute;sadami ochrany osobn&yacute;ch &uacute;dajov<\/a>.<\/label>\t\t\t<\/span>\r\n\t\t<\/div>\r\n\t\t\t\t\t\t<\/div>\r\n\t\t\t\t\t\t\t\t<div class=\"elementor-field-type-recaptcha_v3 elementor-field-group elementor-column elementor-field-group-field_06468f1 elementor-col-100 recaptcha_v3-bottomright\">\r\n\t\t\t\t\t<div class=\"elementor-field\" id=\"form-field-field_06468f1\"><div class=\"elementor-g-recaptcha\" data-sitekey=\"6LdLJh4sAAAAABVd1i_8UzNimib_1XoJXeSXwrQW\" data-type=\"v3\" data-action=\"Form\" data-badge=\"bottomright\" data-size=\"invisible\"><\/div><\/div>\t\t\t\t<\/div>\r\n\t\t\t\t\t\t\t\t<div class=\"elementor-field-group elementor-column elementor-field-type-submit elementor-col-100 e-form__buttons\">\r\n\t\t\t\t\t<button class=\"elementor-button elementor-size-sm\" type=\"submit\">\r\n\t\t\t\t\t\t<span class=\"elementor-button-content-wrapper\">\r\n\t\t\t\t\t\t\t\t\t\t\t\t\t\t\t\t\t\t\t\t\t\t<span class=\"elementor-button-text\">Odosla\u0165<\/span>\r\n\t\t\t\t\t\t\t\t\t\t\t\t\t<\/span>\r\n\t\t\t\t\t<\/button>\r\n\t\t\t\t<\/div>\r\n\t\t\t<\/div>\r\n\t\t<\/form>\r\n\t\t\t\t\t\t<\/div>\n\t\t\t\t<\/div>\n\t\t<div class=\"elementor-element elementor-element-c77a0fc e-con-full e-flex e-con e-child\" data-id=\"c77a0fc\" data-element_type=\"container\" data-e-type=\"container\">\n\t\t\t\t<div class=\"elementor-element elementor-element-249b074 elementor-invisible elementor-widget elementor-widget-image\" data-id=\"249b074\" data-element_type=\"widget\" data-e-type=\"widget\" data-settings=\"{&quot;_animation&quot;:&quot;slideInUp&quot;}\" data-widget_type=\"image.default\">\n\t\t\t\t\t\t\t\t\t\t\t\t\t\t\t<img decoding=\"async\" width=\"100\" height=\"100\" src=\"https:\/\/annasela.com\/wp-content\/uploads\/contact_bg.svg\" class=\"attachment-full size-full wp-image-3315\" alt=\"Contact bg\" \/>\t\t\t\t\t\t\t\t\t\t\t\t\t\t\t<\/div>\n\t\t\t\t<\/div>\n\t\t\t\t\t<\/div>\n\t\t\t\t<\/div>\n\t\t\t\t<\/div>\n\t\t","protected":false},"excerpt":{"rendered":"<p>M\u00e1te otazky? Sme tu pre V\u00e1s!<\/p>\n","protected":false},"author":1,"featured_media":0,"parent":0,"menu_order":2,"comment_status":"closed","ping_status":"closed","template":"","meta":{"slim_seo":{"title":"Kontakt - Anna Sela","description":"M\u00e1te otazky? Sme tu pre V\u00e1s!"},"footnotes":""},"class_list":["post-749","page","type-page","status-publish","hentry"],"_links":{"self":[{"href":"https:\/\/annasela.com\/sk\/wp-json\/wp\/v2\/pages\/749","targetHints":{"allow":["GET"]}}],"collection":[{"href":"https:\/\/annasela.com\/sk\/wp-json\/wp\/v2\/pages"}],"about":[{"href":"https:\/\/annasela.com\/sk\/wp-json\/wp\/v2\/types\/page"}],"author":[{"embeddable":true,"href":"https:\/\/annasela.com\/sk\/wp-json\/wp\/v2\/users\/1"}],"replies":[{"embeddable":true,"href":"https:\/\/annasela.com\/sk\/wp-json\/wp\/v2\/comments?post=749"}],"version-history":[{"count":0,"href":"https:\/\/annasela.com\/sk\/wp-json\/wp\/v2\/pages\/749\/revisions"}],"wp:attachment":[{"href":"https:\/\/annasela.com\/sk\/wp-json\/wp\/v2\/media?parent=749"}],"curies":[{"name":"wp","href":"https:\/\/api.w.org\/{rel}","templated":true}]}}