{"id":2888,"date":"2025-06-11T15:17:29","date_gmt":"2025-06-11T13:17:29","guid":{"rendered":"https:\/\/villasylvia.com\/?page_id=2888"},"modified":"2026-04-30T14:38:13","modified_gmt":"2026-04-30T12:38:13","slug":"ochrana-osobnych-udajov","status":"publish","type":"page","link":"https:\/\/annasela.com\/sk\/ochrana-osobnych-udajov\/","title":{"rendered":"Ochrana Osobn\u00fdch \u00dadajov"},"content":{"rendered":"\t\t<div data-elementor-type=\"wp-page\" data-elementor-id=\"2888\" class=\"elementor elementor-2888\" data-elementor-post-type=\"page\">\n\t\t\t\t<div class=\"elementor-element elementor-element-c1ce8c4 e-flex e-con-boxed e-con e-parent\" data-id=\"c1ce8c4\" data-element_type=\"container\" data-e-type=\"container\">\n\t\t\t\t\t<div class=\"e-con-inner\">\n\t\t\t\t<div class=\"elementor-element elementor-element-6e0182f elementor-widget elementor-widget-text-editor\" data-id=\"6e0182f\" data-element_type=\"widget\" data-e-type=\"widget\" data-widget_type=\"text-editor.default\">\n\t\t\t\t\t\t\t\t\t<p class=\"p1\">Tieto Z\u00e1sady ochrany osobn\u00fdch \u00fadajov opisuj\u00fa na\u0161e pravidl\u00e1 a postupy pri zhroma\u017e\u010fovan\u00ed, pou\u017e\u00edvan\u00ed a zverej\u0148ovan\u00ed va\u0161ich \u00fadajov pri pou\u017e\u00edvan\u00ed Slu\u017eby a informuj\u00fa v\u00e1s o va\u0161ich pr\u00e1vach na s\u00fakromie a o tom, ako v\u00e1s z\u00e1kon chr\u00e1ni.<\/p><p class=\"p1\">Va\u0161e osobn\u00e9 \u00fadaje pou\u017e\u00edvame na poskytovanie a zlep\u0161ovanie Slu\u017eby. Pou\u017e\u00edvan\u00edm Slu\u017eby s\u00fahlas\u00edte so zhroma\u017e\u010fovan\u00edm a pou\u017e\u00edvan\u00edm \u00fadajov v s\u00falade s t\u00fdmito Z\u00e1sadami ochrany osobn\u00fdch \u00fadajov.<\/p><hr \/><p class=\"p4\"><b>1. V\u00fdklad pojmov a defin\u00edcie<\/b><b><\/b><\/p><p class=\"p4\"><b>Defin\u00edcie<\/b><b><\/b><\/p><ul><li><p class=\"p1\"><i>\u00da\u010det<\/i> \u2013 jedine\u010dn\u00fd \u00fa\u010det vytvoren\u00fd pre v\u00e1s na pr\u00edstup k na\u0161ej Slu\u017ebe.<\/p><\/li><li><p class=\"p1\"><i>Spolo\u010dnos\u0165<\/i> \u2013 RAJD s.r.o., Letn\u00e1 1300\/45, 05907 Lend\u00e1k, Slovensko (ozna\u010dovan\u00e1 ako \u201cspolo\u010dnos\u0165\u201d, \u201cmy\u201d, \u201cn\u00e1s\u201d alebo \u201cna\u0161e\u201d).<\/p><\/li><li><p class=\"p1\"><i>Cookies<\/i> \u2013 mal\u00e9 s\u00fabory ulo\u017een\u00e9 vo va\u0161om zariaden\u00ed, ktor\u00e9 zaznamen\u00e1vaj\u00fa hist\u00f3riu prehliadania.<\/p><\/li><li><p class=\"p1\"><i>Krajina<\/i> \u2013 Slovensk\u00e1 republika<\/p><\/li><li><p class=\"p1\"><i>Zariadenie<\/i> \u2013 ak\u00e9ko\u013evek zariadenie, ktor\u00e9 umo\u017e\u0148uje pr\u00edstup k Slu\u017ebe.<\/p><\/li><li><p class=\"p1\"><i>Osobn\u00e9 \u00fadaje<\/i> \u2013 inform\u00e1cie t\u00fdkaj\u00face sa identifikovate\u013enej osoby.<\/p><\/li><li><p class=\"p1\"><i>Slu\u017eba<\/i> \u2013 webov\u00e1 str\u00e1nka Anna Sela (https:\/\/annasela.com)<\/p><\/li><li><p class=\"p1\"><i>Poskytovate\u013e slu\u017eieb<\/i> \u2013 tretia strana, ktor\u00e1 sprac\u00fava \u00fadaje v mene spolo\u010dnosti.<\/p><\/li><li><p class=\"p1\"><i>\u00dadaje o pou\u017e\u00edvan\u00ed<\/i> \u2013 \u00fadaje zhroma\u017eden\u00e9 automaticky po\u010das pou\u017e\u00edvania Slu\u017eby.<\/p><\/li><\/ul><hr \/><p class=\"p4\"><b>2. Zber a pou\u017eitie va\u0161ich osobn\u00fdch \u00fadajov<\/b><b><\/b><\/p><p class=\"p4\"><b>Typy zhroma\u017e\u010fovan\u00fdch \u00fadajov:<\/b><b><\/b><\/p><ul><li><p class=\"p1\">Meno a priezvisko<\/p><\/li><li><p class=\"p1\">E-mailov\u00e1 adresa<\/p><\/li><li><p class=\"p1\">Telef\u00f3nne \u010d\u00edslo<\/p><\/li><li><p class=\"p1\">Adresa<\/p><\/li><li><p class=\"p1\">\u00dadaje o zariaden\u00ed a prehliadan\u00ed<\/p><\/li><\/ul><hr \/><p class=\"p4\"><b>3. Technol\u00f3gie sledovania a cookies<\/b><b><\/b><\/p><p class=\"p1\">Pou\u017e\u00edvame cookies a podobn\u00e9 technol\u00f3gie na sledovanie aktivity na na\u0161ej str\u00e1nke. M\u00f4\u017eete nastavi\u0165 svoj prehliada\u010d, aby cookies odmietol.<\/p><p class=\"p4\"><b>Typy cookies:<\/b><b><\/b><\/p><ul><li><p class=\"p1\"><i>Nevyhnutn\u00e9 cookies<\/i> \u2013 umo\u017e\u0148uj\u00fa z\u00e1kladn\u00e9 fungovanie str\u00e1nky<\/p><\/li><li><p class=\"p1\"><i>Cookies s\u00fahlasu<\/i> \u2013 uchov\u00e1vaj\u00fa v\u00e1\u0161 s\u00fahlas s pou\u017eit\u00edm cookies<\/p><\/li><li><p class=\"p1\"><i>Funk\u010dn\u00e9 cookies<\/i> \u2013 pam\u00e4taj\u00fa si va\u0161e nastavenia (napr. jazyk)<\/p><\/li><\/ul><hr \/><p class=\"p4\"><b>4. Pou\u017eitie osobn\u00fdch \u00fadajov<\/b><b><\/b><\/p><p class=\"p1\">Va\u0161e \u00fadaje pou\u017e\u00edvame na:<\/p><ul><li><p class=\"p1\">Poskytovanie a spravovanie pr\u00edstupu k Slu\u017ebe<\/p><\/li><li><p class=\"p1\">Spracovanie rezerv\u00e1ci\u00ed<\/p><\/li><li><p class=\"p1\">Zasielanie ozn\u00e1men\u00ed a marketingu (ak ste neodmietli)<\/p><\/li><li><p class=\"p1\">Anal\u00fdzu vyu\u017e\u00edvania Slu\u017eby<\/p><\/li><li><p class=\"p1\">Pr\u00e1vne \u00fa\u010dely a prevenciu podvodov<\/p><\/li><\/ul><hr \/><p class=\"p4\"><b>5. Zdie\u013eanie \u00fadajov<\/b><b><\/b><\/p><p class=\"p1\">Va\u0161e \u00fadaje m\u00f4\u017eeme zdie\u013ea\u0165 s:<\/p><ul><li><p class=\"p1\">Poskytovate\u013emi slu\u017eieb<\/p><\/li><li><p class=\"p1\">Obchodn\u00fdmi partnermi<\/p><\/li><li><p class=\"p1\">V pr\u00edpade predaja alebo zl\u00fa\u010denia firmy<\/p><\/li><li><p class=\"p1\">V pr\u00edpadoch z\u00e1konn\u00fdch po\u017eiadaviek<\/p><\/li><\/ul><hr \/><p class=\"p4\"><b>6. Uchov\u00e1vanie \u00fadajov<\/b><b><\/b><\/p><p class=\"p1\">Va\u0161e \u00fadaje uchov\u00e1vame len po nevyhnutn\u00fd \u010das na \u00fa\u010dely uveden\u00e9 v t\u00fdchto z\u00e1sad\u00e1ch a v s\u00falade s pr\u00e1vnymi povinnos\u0165ami.<\/p><hr \/><p class=\"p4\"><b>7. Prenos \u00fadajov do zahrani\u010dia<\/b><b><\/b><\/p><p class=\"p1\">Va\u0161e \u00fadaje m\u00f4\u017eu by\u0165 prenesen\u00e9 mimo krajiny, no zabezpe\u010d\u00edme, aby boli chr\u00e1nen\u00e9 adekv\u00e1tnymi opatreniami.<\/p><hr \/><p class=\"p4\"><b>8. Pr\u00e1va pou\u017e\u00edvate\u013eov<\/b><b><\/b><\/p><p class=\"p1\">M\u00e1te pr\u00e1vo:<\/p><ul><li><p class=\"p1\">Po\u017eiada\u0165 o pr\u00edstup k \u00fadajom<\/p><\/li><li><p class=\"p1\">Opravi\u0165 alebo vymaza\u0165 \u00fadaje<\/p><\/li><li><p class=\"p1\">Odvola\u0165 s\u00fahlas<\/p><\/li><li><p class=\"p1\">Namieta\u0165 proti sprac\u00favaniu<\/p><\/li><li><p class=\"p1\">Po\u017eadova\u0165 prenosnos\u0165 \u00fadajov<\/p><\/li><\/ul><hr \/><p class=\"p4\"><b>9. Ochrana \u00fadajov<\/b><b><\/b><\/p><p class=\"p1\">Pou\u017e\u00edvame primeran\u00e9 bezpe\u010dnostn\u00e9 opatrenia, ale nem\u00f4\u017eeme garantova\u0165 100 % bezpe\u010dnos\u0165.<\/p><hr \/><p class=\"p4\"><b>10. Deti do 13 rokov<\/b><b><\/b><\/p><p class=\"p1\">Neposkytujeme slu\u017eby osob\u00e1m mlad\u0161\u00edm ako 13 rokov a vedome od nich nezhroma\u017e\u010fujeme \u00fadaje.<\/p><hr \/><p class=\"p4\"><b>11. Odkazy na in\u00e9 str\u00e1nky<\/b><b><\/b><\/p><p class=\"p1\">Nie sme zodpovedn\u00ed za z\u00e1sady ochrany \u00fadajov na str\u00e1nkach tret\u00edch str\u00e1n.<\/p><hr \/><p class=\"p4\"><b>12. Zmeny v z\u00e1sad\u00e1ch ochrany \u00fadajov<\/b><b><\/b><\/p><p class=\"p1\">O zmen\u00e1ch v\u00e1s budeme informova\u0165 formou aktualiz\u00e1cie na tejto str\u00e1nke.<\/p><hr \/><p class=\"p4\"><b>13. Kontaktujte n\u00e1s<\/b><b><\/b><\/p><p class=\"p1\">Ak m\u00e1te ot\u00e1zky oh\u013eadom t\u00fdchto z\u00e1sad, kontaktujte n\u00e1s:<\/p><ul><li><p class=\"p1\">Email: rezervacie@annasela.com<\/p><\/li><li><p class=\"p1\">Web: https:\/\/annasela.com\/<\/p><\/li><li><p class=\"p1\">Telef\u00f3n: +421987654321<\/p><\/li><\/ul>\t\t\t\t\t\t\t\t<\/div>\n\t\t\t\t\t<\/div>\n\t\t\t\t<\/div>\n\t\t\t\t<\/div>\n\t\t","protected":false},"excerpt":{"rendered":"<p>Tieto Z\u00e1sady ochrany osobn\u00fdch \u00fadajov opisuj\u00fa na\u0161e pravidl\u00e1 a postupy pri zhroma\u017e\u010fovan\u00ed, pou\u017e\u00edvan\u00ed a zverej\u0148ovan\u00ed va\u0161ich \u00fadajov pri pou\u017e\u00edvan\u00ed Slu\u017eby a informuj\u00fa v\u00e1s o va\u0161ich pr\u00e1vach na s\u00fakromie a o tom, ako v\u00e1s z\u00e1kon chr\u00e1ni. Va\u0161e osobn\u00e9 \u00fadaje pou\u017e\u00edvame na poskytovanie a zlep\u0161ovanie Slu\u017eby. Pou\u017e\u00edvan\u00edm Slu\u017eby s\u00fahlas\u00edte so zhroma\u017e\u010fovan\u00edm a pou\u017e\u00edvan\u00edm \u00fadajov v s\u00falade s [&hellip;]<\/p>\n","protected":false},"author":1,"featured_media":0,"parent":0,"menu_order":8,"comment_status":"closed","ping_status":"closed","template":"","meta":{"slim_seo":{"noindex":"1","title":"Ochrana Osobn\u00fdch \u00dadajov - Anna Sela","description":"Tieto Z\u00e1sady ochrany osobn\u00fdch \u00fadajov opisuj\u00fa na\u0161e pravidl\u00e1 a postupy pri zhroma\u017e\u010fovan\u00ed, pou\u017e\u00edvan\u00ed a zverej\u0148ovan\u00ed va\u0161ich \u00fadajov pri pou\u017e\u00edvan\u00ed Slu\u017eby a informuj\u00fa"},"footnotes":""},"class_list":["post-2888","page","type-page","status-publish","hentry"],"_links":{"self":[{"href":"https:\/\/annasela.com\/sk\/wp-json\/wp\/v2\/pages\/2888","targetHints":{"allow":["GET"]}}],"collection":[{"href":"https:\/\/annasela.com\/sk\/wp-json\/wp\/v2\/pages"}],"about":[{"href":"https:\/\/annasela.com\/sk\/wp-json\/wp\/v2\/types\/page"}],"author":[{"embeddable":true,"href":"https:\/\/annasela.com\/sk\/wp-json\/wp\/v2\/users\/1"}],"replies":[{"embeddable":true,"href":"https:\/\/annasela.com\/sk\/wp-json\/wp\/v2\/comments?post=2888"}],"version-history":[{"count":1,"href":"https:\/\/annasela.com\/sk\/wp-json\/wp\/v2\/pages\/2888\/revisions"}],"predecessor-version":[{"id":4802,"href":"https:\/\/annasela.com\/sk\/wp-json\/wp\/v2\/pages\/2888\/revisions\/4802"}],"wp:attachment":[{"href":"https:\/\/annasela.com\/sk\/wp-json\/wp\/v2\/media?parent=2888"}],"curies":[{"name":"wp","href":"https:\/\/api.w.org\/{rel}","templated":true}]}}