{"id":2886,"date":"2025-06-11T15:17:00","date_gmt":"2025-06-11T13:17:00","guid":{"rendered":"https:\/\/villasylvia.com\/?page_id=2886"},"modified":"2026-03-11T21:27:46","modified_gmt":"2026-03-11T20:27:46","slug":"obchodne-podmienky","status":"publish","type":"page","link":"https:\/\/annasela.com\/sk\/obchodne-podmienky\/","title":{"rendered":"Obchodn\u00e9 Podmienky"},"content":{"rendered":"\t\t<div data-elementor-type=\"wp-page\" data-elementor-id=\"2886\" class=\"elementor elementor-2886\" data-elementor-post-type=\"page\">\n\t\t\t\t<div class=\"elementor-element elementor-element-a3e2c68 e-flex e-con-boxed e-con e-parent\" data-id=\"a3e2c68\" data-element_type=\"container\" data-e-type=\"container\">\n\t\t\t\t\t<div class=\"e-con-inner\">\n\t\t\t\t<div class=\"elementor-element elementor-element-86c27ce elementor-widget elementor-widget-text-editor\" data-id=\"86c27ce\" data-element_type=\"widget\" data-e-type=\"widget\" data-widget_type=\"text-editor.default\">\n\t\t\t\t\t\t\t\t\t<section><h3><b>1. V\u0161eobecn\u00e9 ustanovenia<\/b><\/h3><p class=\"p3\">1.1 Poskytovate\u013e poskytuje ubytovanie formou kr\u00e1tkodob\u00e9ho a\/alebo dlhodob\u00e9ho pren\u00e1jmu cel\u00e9ho objektu Anna Sela.<\/p><p class=\"p3\">1.2 Zmluvn\u00fd vz\u0165ah medzi poskytovate\u013eom a klientom vznik\u00e1 na z\u00e1klade potvrdenia rezerv\u00e1cie a \u00fahrady ceny pobytu.<\/p><p class=\"p3\">1.3 Predmetom zmluvy je poskytnutie ubytovania v dohodnutom term\u00edne a rozsahu.<\/p><hr \/><h3><b>2. Rezerv\u00e1cia a vznik zmluvy<\/b><\/h3><p class=\"p3\">2.1 Rezerv\u00e1ciu je mo\u017en\u00e9 uskuto\u010dni\u0165 e-mailom alebo prostredn\u00edctvom rezerva\u010dn\u00e9ho formul\u00e1ra na str\u00e1nke <a href=\"https:\/\/www.annasela.com\" target=\"_blank\" rel=\"noopener noreferrer nofollow\">www.annasela.com<\/a>.<\/p><p class=\"p3\">2.2 Rezerv\u00e1cia je z\u00e1v\u00e4zn\u00e1 a\u017e po \u00fahrade celej sumy za pobyt na \u00fa\u010det poskytovate\u013ea.<\/p><p class=\"p3\">2.3 V pr\u00edpade neuhradenia v stanovenom \u010dase, rezerv\u00e1cia zanik\u00e1 bez n\u00e1roku na n\u00e1hradu.<\/p><p class=\"p3\">2.4 Klient je povinn\u00fd uvies\u0165 presn\u00fd po\u010det os\u00f4b pri rezerv\u00e1cii. Zmeny po\u010dtu os\u00f4b musia by\u0165 nahl\u00e1sen\u00e9 najnesk\u00f4r 7 dn\u00ed pred n\u00e1stupom. Neskor\u00e9 zmeny nebud\u00fa akceptovan\u00e9.<\/p><hr \/><h3><b>3. Cena a platobn\u00e9 podmienky<\/b><\/h3><p class=\"p3\">3.1 Cena pren\u00e1jmu vych\u00e1dza z po\u017eiadaviek klienta a platn\u00e9ho cenn\u00edka uverejnen\u00e9ho na webovej str\u00e1nke.<\/p><p class=\"p3\">3.2 Platba sa uskuto\u010d\u0148uje prevodom na \u00fa\u010det poskytovate\u013ea po potvrden\u00ed rezerv\u00e1cie.<\/p><p class=\"p3\">3.3 Pri n\u00e1stupe sa v hotovosti vyber\u00e1:<\/p><ul><li><p class=\"p1\">vratn\u00e1 kaucia: <span class=\"s1\"><b>100 \u20ac<\/b><b><\/b><\/span><\/p><\/li><li><p class=\"p1\">jednorazov\u00fd upratovac\u00ed poplatok: <span class=\"s1\"><b>30 \u20ac<\/b><\/span><\/p><\/li><\/ul><p class=\"p3\">3.4 V cene s\u00fa zahrnut\u00e9 v\u0161etky \u0161tandardn\u00e9 poplatky za u\u017e\u00edvanie objektu, okrem cestovn\u00e9ho poistenia.<\/p><hr \/><h3><b>4. Pr\u00e1va a povinnosti klienta<\/b><\/h3><p class=\"p3\">4.1 Klient m\u00e1 pr\u00e1vo na poskytnutie ubytovania v dohodnutom rozsahu.<\/p><p class=\"p3\">4.2 Klient je povinn\u00fd:<\/p><ul><li><p class=\"p1\">u\u017e\u00edva\u0165 objekt v s\u00falade s dobr\u00fdmi mravmi a dodr\u017eiava\u0165 pokyny spr\u00e1vcu,<\/p><\/li><li><p class=\"p1\">uhradi\u0165 pobyt vopred v plnej v\u00fd\u0161ke,<\/p><\/li><li><p class=\"p1\">odovzda\u0165 objekt v p\u00f4vodnom stave, s oh\u013eadom na be\u017en\u00e9 opotrebenie,<\/p><\/li><li><p class=\"p1\">nahl\u00e1si\u0165 pr\u00edpadn\u00e9 \u0161kody alebo z\u00e1vady bezodkladne spr\u00e1vcovi.<\/p><\/li><\/ul><p class=\"p3\">4.3 Klient zodpoved\u00e1 za \u0161kody sp\u00f4soben\u00e9 na majetku, ktor\u00e9 vznikli jeho vinou alebo vinou os\u00f4b, ktor\u00e9 objekt u\u017e\u00edvali s n\u00edm.<\/p><p class=\"p3\">4.4 V pr\u00edpade po\u0161kodenia bude vyhotoven\u00fd protokol. N\u00e1klady na opravu bud\u00fa odpo\u010d\u00edtan\u00e9 z kaucie, alebo fakturovan\u00e9 \u2013 so splatnos\u0165ou 10 dn\u00ed.<\/p><p class=\"p3\">4.5 Klient nesmie pou\u017e\u00edva\u0165 vlastn\u00e9 elektrick\u00e9 spotrebi\u010de, okrem be\u017en\u00fdch zariaden\u00ed osobnej potreby (napr. mobil, notebook, holiaci stroj\u010dek).<\/p><p class=\"p3\">4.6 Klient je povinn\u00fd pos\u00fadi\u0165 svoj zdravotn\u00fd stav vzh\u013eadom na charakter pobytu. Ubytovanie je vyu\u017e\u00edvan\u00e9 <span class=\"s2\"><b>na vlastn\u00fa zodpovednos\u0165<\/b><\/span>.<\/p><hr \/><h3><b>5. Pr\u00e1va a povinnosti poskytovate\u013ea<\/b><\/h3><p class=\"p3\">5.1 Poskytovate\u013e je povinn\u00fd zabezpe\u010di\u0165 riadne odovzdanie objektu, jeho vybavenia a funk\u010dnos\u0165 z\u00e1kladn\u00fdch slu\u017eieb.<\/p><p class=\"p3\">5.2 V pr\u00edpade poruchy, po\u0161kodenia alebo nepredv\u00eddanej udalosti je opr\u00e1vnen\u00fd navrhn\u00fa\u0165 klientovi n\u00e1hradn\u00e9 rie\u0161enie alebo term\u00edn.<\/p><p class=\"p3\">5.3 Poskytovate\u013e nezodpoved\u00e1 za zdravotn\u00fd stav klienta ani za \u0161kody sp\u00f4soben\u00e9 nevhodn\u00fdm pou\u017e\u00edvan\u00edm objektu.<\/p><hr \/><h3><b>6. Storno podmienky<\/b><\/h3><p class=\"p3\">6.1 Zru\u0161enie rezerv\u00e1cie zo strany klienta podlieha nasledovn\u00fdm poplatkom:<\/p><ul><li><p class=\"p1\">viac ne\u017e 45 dn\u00ed pred pobytom \u2013 <span class=\"s1\"><b>bez poplatku<\/b><b><\/b><\/span><\/p><\/li><li><p class=\"p1\">31 a\u017e 45 dn\u00ed pred pobytom \u2013 <span class=\"s1\"><b>50 % z ceny ubytovania<\/b><b><\/b><\/span><\/p><\/li><li><p class=\"p1\">15 a\u017e 30 dn\u00ed pred pobytom \u2013 <span class=\"s1\"><b>80 % z ceny ubytovania<\/b><b><\/b><\/span><\/p><\/li><li><p class=\"p1\"><span class=\"s1\">14 dn\u00ed a menej \u2013 <\/span><b>100 % z ceny ubytovania<\/b><\/p><\/li><\/ul><p class=\"p3\">6.2 Zmena term\u00ednu sa pova\u017euje za storno a riadi sa rovnak\u00fdmi podmienkami.<\/p><p class=\"p3\">6.3 Zmena mena klienta je bezplatn\u00e1, ale je nutn\u00e9 o nej vopred informova\u0165.<\/p><p class=\"p3\">6.4 V pr\u00edpade, \u017ee objekt nie je mo\u017en\u00e9 odovzda\u0165 (napr. z d\u00f4vodu hav\u00e1rie), m\u00e1 poskytovate\u013e pr\u00e1vo rezerv\u00e1ciu zru\u0161i\u0165 a pon\u00faknu\u0165 n\u00e1hradn\u00fd term\u00edn alebo vr\u00e1tenie plnej sumy.<\/p><hr \/><h3><b>7. Reklama\u010dn\u00e9 podmienky<\/b><\/h3><p class=\"p3\">7.1 Ak kvalita slu\u017eieb nezodpoved\u00e1 dohodnut\u00fdm podmienkam, m\u00e1 klient pr\u00e1vo na reklam\u00e1ciu.<\/p><p class=\"p3\">7.2 Reklam\u00e1cia sa rie\u0161i pod\u013ea Reklama\u010dn\u00e9ho poriadku v s\u00falade s platnou legislat\u00edvou SR.<\/p><p class=\"p3\">7.3 Za opr\u00e1vnen\u00e9 reklam\u00e1cie sa nepova\u017euj\u00fa:<\/p><ul><li><p class=\"p1\">\u0161kody sp\u00f4soben\u00e9 klientom,<\/p><\/li><li><p class=\"p1\">pr\u00edpady vyl\u00fa\u010den\u00e9 z poistn\u00e9ho krytia,<\/p><\/li><li><p class=\"p1\">subjekt\u00edvna nespokojnos\u0165 nes\u00favisiaca so zmluvou.<\/p><\/li><\/ul><hr \/><h3><b>8. Z\u00e1vere\u010dn\u00e9 ustanovenia<\/b><\/h3><p class=\"p3\">8.1 Klient sa zav\u00e4zuje dodr\u017eiava\u0165 aj <a href=\"https:\/\/annasela.com\/ubytovaci-poriadok\/\" target=\"_blank\" rel=\"noopener\"><span class=\"s2\"><b>Ubytovac\u00ed poriadok<\/b><\/span><\/a>, ktor\u00fd je s\u00fa\u010das\u0165ou t\u00fdchto podmienok.<\/p><p class=\"p3\">8.2 Tieto obchodn\u00e9 podmienky s\u00fa zverejnen\u00e9 na str\u00e1nke <a href=\"https:\/\/www.annasela.com\" target=\"_blank\" rel=\"noopener noreferrer nofollow\">www.annasela.com<\/a> a s\u00fa z\u00e1v\u00e4zn\u00e9 pre v\u0161etk\u00fdch klientov od momentu potvrdenia rezerv\u00e1cie.<\/p><\/section>\t\t\t\t\t\t\t\t<\/div>\n\t\t\t\t\t<\/div>\n\t\t\t\t<\/div>\n\t\t\t\t<\/div>\n\t\t","protected":false},"excerpt":{"rendered":"<p>1. V\u0161eobecn\u00e9 ustanovenia 1.1 Poskytovate\u013e poskytuje ubytovanie formou kr\u00e1tkodob\u00e9ho a\/alebo dlhodob\u00e9ho pren\u00e1jmu cel\u00e9ho objektu Anna Sela. 1.2 Zmluvn\u00fd vz\u0165ah medzi poskytovate\u013eom a klientom vznik\u00e1 na z\u00e1klade potvrdenia rezerv\u00e1cie a \u00fahrady ceny pobytu. 1.3 Predmetom zmluvy je poskytnutie ubytovania v dohodnutom term\u00edne a rozsahu. 2. Rezerv\u00e1cia a vznik zmluvy 2.1 Rezerv\u00e1ciu je mo\u017en\u00e9 uskuto\u010dni\u0165 e-mailom alebo [&hellip;]<\/p>\n","protected":false},"author":1,"featured_media":0,"parent":0,"menu_order":7,"comment_status":"closed","ping_status":"closed","template":"","meta":{"slim_seo":{"noindex":"1","title":"Obchodn\u00e9 Podmienky - Anna Sela","description":"1. V\u0161eobecn\u00e9 ustanovenia 1.1 Poskytovate\u013e poskytuje ubytovanie formou kr\u00e1tkodob\u00e9ho a\/alebo dlhodob\u00e9ho pren\u00e1jmu cel\u00e9ho objektu Anna Sela. 1.2 Zmluvn\u00fd vz\u0165ah medzi"},"footnotes":""},"class_list":["post-2886","page","type-page","status-publish","hentry"],"_links":{"self":[{"href":"https:\/\/annasela.com\/sk\/wp-json\/wp\/v2\/pages\/2886","targetHints":{"allow":["GET"]}}],"collection":[{"href":"https:\/\/annasela.com\/sk\/wp-json\/wp\/v2\/pages"}],"about":[{"href":"https:\/\/annasela.com\/sk\/wp-json\/wp\/v2\/types\/page"}],"author":[{"embeddable":true,"href":"https:\/\/annasela.com\/sk\/wp-json\/wp\/v2\/users\/1"}],"replies":[{"embeddable":true,"href":"https:\/\/annasela.com\/sk\/wp-json\/wp\/v2\/comments?post=2886"}],"version-history":[{"count":0,"href":"https:\/\/annasela.com\/sk\/wp-json\/wp\/v2\/pages\/2886\/revisions"}],"wp:attachment":[{"href":"https:\/\/annasela.com\/sk\/wp-json\/wp\/v2\/media?parent=2886"}],"curies":[{"name":"wp","href":"https:\/\/api.w.org\/{rel}","templated":true}]}}