{"id":2886,"date":"2025-06-11T15:17:00","date_gmt":"2025-06-11T13:17:00","guid":{"rendered":"https:\/\/villasylvia.com\/?page_id=2886"},"modified":"2026-03-11T21:27:46","modified_gmt":"2026-03-11T20:27:46","slug":"zasady-i-warunki","status":"publish","type":"page","link":"https:\/\/annasela.com\/pl\/obchodne-podmienky\/","title":{"rendered":"Zasady i warunki"},"content":{"rendered":"<div data-elementor-type=\"wp-page\" data-elementor-id=\"2886\" class=\"elementor elementor-2886\" data-elementor-post-type=\"page\">\n\t\t\t\t<div class=\"elementor-element elementor-element-a3e2c68 e-flex e-con-boxed e-con e-parent\" data-id=\"a3e2c68\" data-element_type=\"container\" data-e-type=\"container\">\n\t\t\t\t\t<div class=\"e-con-inner\">\n\t\t\t\t<div class=\"elementor-element elementor-element-86c27ce elementor-widget elementor-widget-text-editor\" data-id=\"86c27ce\" data-element_type=\"widget\" data-e-type=\"widget\" data-widget_type=\"text-editor.default\">\n\t\t\t\t\t\t\t\t\t<section><h3><b>1 Postanowienia og\u00f3lne<\/b><\/h3><p class=\"p3\">1.1 Poskytovate\u013e poskytuje ubytovanie formou kr\u00e1tkodob\u00e9ho a\/alebo dlhodob\u00e9ho pren\u00e1jmu cel\u00e9ho objektu Anna Sela.<\/p><p class=\"p3\">1.2 Stosunek umowny mi\u0119dzy Us\u0142ugodawc\u0105 a Klientem zostaje nawi\u0105zany z chwil\u0105 potwierdzenia rezerwacji i zap\u0142aty ceny za pobyt.<\/p><p class=\"p3\">1.3 Przedmiotem umowy jest zapewnienie zakwaterowania w uzgodnionym terminie i zakresie.<\/p><hr \/><h3><b>2. Rezerwacja i zawieranie um\u00f3w<\/b><\/h3><p class=\"p3\">2.1 Rezerwacji mo\u017cna dokonywa\u0107 poczt\u0105 elektroniczn\u0105 lub za po\u015brednictwem formularza rezerwacji na stronie internetowej <a href=\"https:\/\/annasela.com\/pl\/\" target=\"_blank\" rel=\"noopener noreferrer nofollow\">www.annasela.com<\/a>.<\/p><p class=\"p3\">2.2 Rezerwacja jest wi\u0105\u017c\u0105ca dopiero po wp\u0142aceniu pe\u0142nej kwoty za pobyt na konto us\u0142ugodawcy.<\/p><p class=\"p3\">2.3 W przypadku braku p\u0142atno\u015bci w okre\u015blonym terminie rezerwacja zostanie anulowana bez zwrotu koszt\u00f3w.<\/p><p class=\"p3\">2.4 Klient jest zobowi\u0105zany do podania dok\u0142adnej liczby os\u00f3b podczas dokonywania rezerwacji. Zmiany liczby os\u00f3b nale\u017cy zg\u0142asza\u0107 co najmniej 7 dni przed przyjazdem. P\u00f3\u017ane zmiany nie b\u0119d\u0105 akceptowane.<\/p><hr \/><h3><b>3. Cena i warunki p\u0142atno\u015bci<\/b><\/h3><p class=\"p3\">3.1 Cena wynajmu opiera si\u0119 na wymaganiach klienta i aktualnym cenniku opublikowanym na stronie internetowej.<\/p><p class=\"p3\">3.2 P\u0142atno\u015b\u0107 zostanie dokonana przelewem bankowym na konto Us\u0142ugodawcy po potwierdzeniu rezerwacji.<\/p><p class=\"p3\">3.3 Got\u00f3wka jest pobierana przy wej\u015bciu na pok\u0142ad:<\/p><ul><li><p class=\"p1\">kaucja zwrotna: <span class=\"s1\"><b>100 \u20ac<\/b><b><\/b><\/span><\/p><\/li><li><p class=\"p1\">jednorazowa op\u0142ata za sprz\u0105tanie: <span class=\"s1\"><b>30 \u20ac<\/b><\/span><\/p><\/li><\/ul><p class=\"p3\">3.4 Cena obejmuje wszystkie standardowe op\u0142aty za korzystanie z obiektu, z wyj\u0105tkiem ubezpieczenia podr\u00f3\u017cnego.<\/p><hr \/><h3><b>4. Prawa i obowi\u0105zki klienta<\/b><\/h3><p class=\"p3\">4.1 Klient ma prawo do zapewnienia zakwaterowania w uzgodnionym zakresie.<\/p><p class=\"p3\">4.2 Klient:<\/p><ul><li><p class=\"p1\">korzystania z budynku zgodnie z dobrymi obyczajami i stosowania si\u0119 do polece\u0144 administratora,<\/p><\/li><li><p class=\"p1\">op\u0142aci\u0107 pobyt w ca\u0142o\u015bci z g\u00f3ry,<\/p><\/li><li><p class=\"p1\">przekazania przedmiotu w jego pierwotnym stanie, z uwzgl\u0119dnieniem normalnego zu\u017cycia,<\/p><\/li><li><p class=\"p1\">niezw\u0142ocznie zg\u0142asza\u0107 Administratorowi wszelkie uszkodzenia lub wady.<\/p><\/li><\/ul><p class=\"p3\">4.3 Klient ponosi odpowiedzialno\u015b\u0107 za szkody w obiekcie powsta\u0142e z jego winy lub z winy os\u00f3b korzystaj\u0105cych z obiektu wraz z nim.<\/p><p class=\"p3\">4.4 W przypadku uszkodzenia zostanie sporz\u0105dzony raport. Koszt naprawy zostanie potr\u0105cony z kaucji lub zafakturowany - z terminem p\u0142atno\u015bci wynosz\u0105cym 10 dni.<\/p><p class=\"p3\">4.5 Klient nie mo\u017ce korzysta\u0107 z w\u0142asnych urz\u0105dze\u0144 elektrycznych, z wyj\u0105tkiem typowych urz\u0105dze\u0144 osobistych (np. telefon kom\u00f3rkowy, laptop, golarka).<\/p><p class=\"p3\">4.6 Klient jest zobowi\u0105zany do oceny swojego stanu zdrowia w odniesieniu do charakteru pobytu. Zakwaterowanie jest wykorzystywane <span class=\"s2\"><b>na w\u0142asn\u0105 odpowiedzialno\u015b\u0107<\/b><\/span>.<\/p><hr \/><h3><b>5. Prawa i obowi\u0105zki us\u0142ugodawcy<\/b><\/h3><p class=\"p3\">5.1 Dostawca jest zobowi\u0105zany do zapewnienia prawid\u0142owego przekazania budynku, jego wyposa\u017cenia i funkcjonalno\u015bci podstawowych us\u0142ug.<\/p><p class=\"p3\">5.2 W przypadku awarii, uszkodzenia lub nieprzewidzianego zdarzenia, Klient jest uprawniony do zaproponowania alternatywnego rozwi\u0105zania lub terminu.<\/p><p class=\"p3\">5.3 Us\u0142ugodawca nie ponosi odpowiedzialno\u015bci za stan zdrowia Klienta ani za szkody spowodowane niew\u0142a\u015bciwym korzystaniem z obiektu.<\/p><hr \/><h3><b>6. Polityka anulowania<\/b><\/h3><p class=\"p3\">6.1 Anulowanie rezerwacji przez klienta podlega nast\u0119puj\u0105cym op\u0142atom:<\/p><ul><li><p class=\"p1\">wi\u0119cej ni\u017c 45 dni przed pobytem - <span class=\"s1\"><b>bez op\u0142at<\/b><b><\/b><\/span><\/p><\/li><li><p class=\"p1\">31 do 45 dni przed pobytem - <span class=\"s1\"><b>50 % ceny zakwaterowania<\/b><b><\/b><\/span><\/p><\/li><li><p class=\"p1\">15 do 30 dni przed pobytem - <span class=\"s1\"><b>80 % ceny zakwaterowania<\/b><b><\/b><\/span><\/p><\/li><li><p class=\"p1\"><span class=\"s1\">14 dni lub mniej - <\/span><b>100 % ceny zakwaterowania<\/b><\/p><\/li><\/ul><p class=\"p3\">6.2 Zmiana harmonogramu jest traktowana jako anulowanie i podlega tym samym warunkom.<\/p><p class=\"p3\">6.3 Zmiana nazwy Klienta jest bezp\u0142atna, ale musi zosta\u0107 zg\u0142oszona z wyprzedzeniem.<\/p><p class=\"p3\">6.4 W przypadku, gdy obiekt nie mo\u017ce zosta\u0107 przekazany (np. z powodu wypadku), us\u0142ugodawca ma prawo anulowa\u0107 rezerwacj\u0119 i zaoferowa\u0107 alternatywny termin lub pe\u0142ny zwrot koszt\u00f3w.<\/p><hr \/><h3><b>7. Polityka reklamacyjna<\/b><\/h3><p class=\"p3\">7.1 Je\u015bli jako\u015b\u0107 us\u0142ug nie odpowiada uzgodnionym warunkom, klient ma prawo do z\u0142o\u017cenia reklamacji.<\/p><p class=\"p3\">7.2 Reklamacje b\u0119d\u0105 rozstrzygane zgodnie z Procedur\u0105 Reklamacji, zgodnie z obowi\u0105zuj\u0105cymi przepisami prawa Republiki S\u0142owackiej.<\/p><p class=\"p3\">7.3 Nast\u0119puj\u0105ce roszczenia nie s\u0105 uznawane za uzasadnione:<\/p><ul><li><p class=\"p1\">szkody spowodowane przez klienta,<\/p><\/li><li><p class=\"p1\">przypadki wy\u0142\u0105czone z ochrony ubezpieczeniowej,<\/p><\/li><li><p class=\"p1\">subiektywne niezadowolenie niezwi\u0105zane z umow\u0105.<\/p><\/li><\/ul><hr \/><h3><b>8. Postanowienia ko\u0144cowe<\/b><\/h3><p class=\"p3\">8.1 Klient zgadza si\u0119 r\u00f3wnie\u017c przestrzega\u0107 <a href=\"https:\/\/annasela.com\/pl\/regulamin-zakwaterowania\/\" target=\"_blank\" rel=\"noopener\"><span class=\"s2\"><b>Regulamin zakwaterowania<\/b><\/span><\/a>kt\u00f3ry stanowi cz\u0119\u015b\u0107 niniejszych warunk\u00f3w.<\/p><p class=\"p3\">8.2 Niniejsze warunki zosta\u0142y opublikowane na stronie internetowej <a href=\"https:\/\/annasela.com\/pl\/\" target=\"_blank\" rel=\"noopener noreferrer nofollow\">www.annasela.com<\/a> i s\u0105 wi\u0105\u017c\u0105ce dla wszystkich klient\u00f3w od momentu potwierdzenia rezerwacji.<\/p><\/section>\t\t\t\t\t\t\t\t<\/div>\n\t\t\t\t\t<\/div>\n\t\t\t\t<\/div>\n\t\t\t\t<\/div>","protected":false},"excerpt":{"rendered":"<p>1. V\u0161eobecn\u00e9 ustanovenia 1.1 Poskytovate\u013e poskytuje ubytovanie formou kr\u00e1tkodob\u00e9ho a\/alebo dlhodob\u00e9ho pren\u00e1jmu cel\u00e9ho objektu Anna Sela. 1.2 Zmluvn\u00fd vz\u0165ah medzi poskytovate\u013eom a klientom vznik\u00e1 na z\u00e1klade potvrdenia rezerv\u00e1cie a \u00fahrady ceny pobytu. 1.3 Predmetom zmluvy je poskytnutie ubytovania v dohodnutom term\u00edne a rozsahu. 2. Rezerv\u00e1cia a vznik zmluvy 2.1 Rezerv\u00e1ciu je mo\u017en\u00e9 uskuto\u010dni\u0165 e-mailom alebo [&hellip;]<\/p>\n","protected":false},"author":1,"featured_media":0,"parent":0,"menu_order":7,"comment_status":"closed","ping_status":"closed","template":"","meta":{"slim_seo":{"noindex":"1","title":"Obchodn\u00e9 Podmienky - Anna Sela","description":"1. V\u0161eobecn\u00e9 ustanovenia 1.1 Poskytovate\u013e poskytuje ubytovanie formou kr\u00e1tkodob\u00e9ho a\/alebo dlhodob\u00e9ho pren\u00e1jmu cel\u00e9ho objektu Anna Sela. 1.2 Zmluvn\u00fd vz\u0165ah medzi"},"footnotes":""},"class_list":["post-2886","page","type-page","status-publish","hentry"],"_links":{"self":[{"href":"https:\/\/annasela.com\/pl\/wp-json\/wp\/v2\/pages\/2886","targetHints":{"allow":["GET"]}}],"collection":[{"href":"https:\/\/annasela.com\/pl\/wp-json\/wp\/v2\/pages"}],"about":[{"href":"https:\/\/annasela.com\/pl\/wp-json\/wp\/v2\/types\/page"}],"author":[{"embeddable":true,"href":"https:\/\/annasela.com\/pl\/wp-json\/wp\/v2\/users\/1"}],"replies":[{"embeddable":true,"href":"https:\/\/annasela.com\/pl\/wp-json\/wp\/v2\/comments?post=2886"}],"version-history":[{"count":0,"href":"https:\/\/annasela.com\/pl\/wp-json\/wp\/v2\/pages\/2886\/revisions"}],"wp:attachment":[{"href":"https:\/\/annasela.com\/pl\/wp-json\/wp\/v2\/media?parent=2886"}],"curies":[{"name":"wp","href":"https:\/\/api.w.org\/{rel}","templated":true}]}}