{"id":2888,"date":"2025-06-11T15:17:29","date_gmt":"2025-06-11T13:17:29","guid":{"rendered":"https:\/\/villasylvia.com\/?page_id=2888"},"modified":"2026-04-30T14:38:13","modified_gmt":"2026-04-30T12:38:13","slug":"protection-of-personal-data","status":"publish","type":"page","link":"https:\/\/annasela.com\/en\/ochrana-osobnych-udajov\/","title":{"rendered":"Protection of Personal Data"},"content":{"rendered":"<div data-elementor-type=\"wp-page\" data-elementor-id=\"2888\" class=\"elementor elementor-2888\" data-elementor-post-type=\"page\">\n\t\t\t\t<div class=\"elementor-element elementor-element-c1ce8c4 e-flex e-con-boxed e-con e-parent\" data-id=\"c1ce8c4\" data-element_type=\"container\" data-e-type=\"container\">\n\t\t\t\t\t<div class=\"e-con-inner\">\n\t\t\t\t<div class=\"elementor-element elementor-element-6e0182f elementor-widget elementor-widget-text-editor\" data-id=\"6e0182f\" data-element_type=\"widget\" data-e-type=\"widget\" data-widget_type=\"text-editor.default\">\n\t\t\t\t\t\t\t\t\t<p class=\"p1\">This Privacy Policy describes our policies and practices for collecting, using and disclosing your information when you use the Service and informs you of your privacy rights and how the law protects you.<\/p><p class=\"p1\">We use your personal data to provide and improve the Service. By using the Service, you consent to the collection and use of data in accordance with this Privacy Policy.<\/p><hr \/><p class=\"p4\"><b>1. Interpretation of terms and definitions<\/b><b><\/b><\/p><p class=\"p4\"><b>Definitions<\/b><b><\/b><\/p><ul><li><p class=\"p1\"><i>Account<\/i> - a unique account created for you to access our Service.<\/p><\/li><li><p class=\"p1\"><i>Company<\/i> - RAJD s.r.o., Letn\u00e1 1300\/45, 05907 Lend\u00e1k, Slovakia (referred to as \u201cthe Company\u201d, \u201cwe\u201d, \u201cus\u201d or \u201cour\u201d).<\/p><\/li><li><p class=\"p1\"><i>Cookies<\/i> - small files stored on your device that record your browsing history.<\/p><\/li><li><p class=\"p1\"><i>Landscape<\/i> - Slovak Republic<\/p><\/li><li><p class=\"p1\"><i>Facility<\/i> - any device that allows access to the Service.<\/p><\/li><li><p class=\"p1\"><i>Personal data<\/i> - information relating to an identifiable person.<\/p><\/li><li><p class=\"p1\"><i>Service<\/i> - Anna Sela website (https:\/\/annasela.com)<\/p><\/li><li><p class=\"p1\"><i>Service provider<\/i> - a third party that processes data on behalf of the company.<\/p><\/li><li><p class=\"p1\"><i>Data on use<\/i> - data collected automatically during your use of the Service.<\/p><\/li><\/ul><hr \/><p class=\"p4\"><b>2. Collection and use of your personal data<\/b><b><\/b><\/p><p class=\"p4\"><b>Types of data collected:<\/b><b><\/b><\/p><ul><li><p class=\"p1\">Name and surname<\/p><\/li><li><p class=\"p1\">E-mail address<\/p><\/li><li><p class=\"p1\">Phone number<\/p><\/li><li><p class=\"p1\">Address<\/p><\/li><li><p class=\"p1\">Equipment and inspection data<\/p><\/li><\/ul><hr \/><p class=\"p4\"><b>3. Tracking technologies and cookies<\/b><b><\/b><\/p><p class=\"p1\">We use cookies and similar technologies to track activity on our site. You can set your browser to refuse cookies.<\/p><p class=\"p4\"><b>Types of cookies:<\/b><b><\/b><\/p><ul><li><p class=\"p1\"><i>Necessary cookies<\/i> - enable the basic functioning of the site<\/p><\/li><li><p class=\"p1\"><i>Cookies consent<\/i> - store your consent to the use of cookies<\/p><\/li><li><p class=\"p1\"><i>Functional cookies<\/i> - remember your settings (e.g. language)<\/p><\/li><\/ul><hr \/><p class=\"p4\"><b>4. Use of personal data<\/b><b><\/b><\/p><p class=\"p1\">We use your data to:<\/p><ul><li><p class=\"p1\">Provision and management of access to the Service<\/p><\/li><li><p class=\"p1\">Processing of reservations<\/p><\/li><li><p class=\"p1\">Sending notifications and marketing (unless you have opted out)<\/p><\/li><li><p class=\"p1\">Analysis of the use of the Service<\/p><\/li><li><p class=\"p1\">Legal purposes and fraud prevention<\/p><\/li><\/ul><hr \/><p class=\"p4\"><b>5. Data sharing<\/b><b><\/b><\/p><p class=\"p1\">We may share your data with:<\/p><ul><li><p class=\"p1\">Service providers<\/p><\/li><li><p class=\"p1\">Business partners<\/p><\/li><li><p class=\"p1\">In the event of a sale or merger of the company<\/p><\/li><li><p class=\"p1\">In cases of legal requirements<\/p><\/li><\/ul><hr \/><p class=\"p4\"><b>6. Data retention<\/b><b><\/b><\/p><p class=\"p1\">We will only retain your data for as long as necessary for the purposes set out in this policy and in accordance with our legal obligations.<\/p><hr \/><p class=\"p4\"><b>7. Transfer of data abroad<\/b><b><\/b><\/p><p class=\"p1\">Your data may be transferred out of the country, but we will ensure that it is protected by adequate measures.<\/p><hr \/><p class=\"p4\"><b>8. User rights<\/b><b><\/b><\/p><p class=\"p1\">You have the right:<\/p><ul><li><p class=\"p1\">Request access to data<\/p><\/li><li><p class=\"p1\">Correct or delete data<\/p><\/li><li><p class=\"p1\">Withdraw consent<\/p><\/li><li><p class=\"p1\">Object to processing<\/p><\/li><li><p class=\"p1\">Request data portability<\/p><\/li><\/ul><hr \/><p class=\"p4\"><b>9. Data protection<\/b><b><\/b><\/p><p class=\"p1\">We use reasonable precautions, but we cannot guarantee 100 % security.<\/p><hr \/><p class=\"p4\"><b>10. Children up to 13 years<\/b><b><\/b><\/p><p class=\"p1\">We do not provide services to or knowingly collect data from persons under the age of 13.<\/p><hr \/><p class=\"p4\"><b>11. Links to other sites<\/b><b><\/b><\/p><p class=\"p1\">We are not responsible for the privacy policies of third party sites.<\/p><hr \/><p class=\"p4\"><b>12. Changes to the data protection policy<\/b><b><\/b><\/p><p class=\"p1\">We will keep you informed of changes by updating this page.<\/p><hr \/><p class=\"p4\"><b>13. Contact us<\/b><b><\/b><\/p><p class=\"p1\">If you have any questions about this policy, please contact us:<\/p><ul><li><p class=\"p1\">Email: rezervacie@annasela.com<\/p><\/li><li><p class=\"p1\">Web: https:\/\/annasela.com\/<\/p><\/li><li><p class=\"p1\">Phone: +421987654321<\/p><\/li><\/ul>\t\t\t\t\t\t\t\t<\/div>\n\t\t\t\t\t<\/div>\n\t\t\t\t<\/div>\n\t\t\t\t<\/div>","protected":false},"excerpt":{"rendered":"<p>Tieto Z\u00e1sady ochrany osobn\u00fdch \u00fadajov opisuj\u00fa na\u0161e pravidl\u00e1 a postupy pri zhroma\u017e\u010fovan\u00ed, pou\u017e\u00edvan\u00ed a zverej\u0148ovan\u00ed va\u0161ich \u00fadajov pri pou\u017e\u00edvan\u00ed Slu\u017eby a informuj\u00fa v\u00e1s o va\u0161ich pr\u00e1vach na s\u00fakromie a o tom, ako v\u00e1s z\u00e1kon chr\u00e1ni. Va\u0161e osobn\u00e9 \u00fadaje pou\u017e\u00edvame na poskytovanie a zlep\u0161ovanie Slu\u017eby. Pou\u017e\u00edvan\u00edm Slu\u017eby s\u00fahlas\u00edte so zhroma\u017e\u010fovan\u00edm a pou\u017e\u00edvan\u00edm \u00fadajov v s\u00falade s [&hellip;]<\/p>\n","protected":false},"author":1,"featured_media":0,"parent":0,"menu_order":8,"comment_status":"closed","ping_status":"closed","template":"","meta":{"slim_seo":{"noindex":"1","title":"Ochrana Osobn\u00fdch \u00dadajov - Anna Sela","description":"This Privacy Policy describes our policies and practices for collecting, using and disclosing your information when you use the Service and informs"},"footnotes":""},"class_list":["post-2888","page","type-page","status-publish","hentry"],"_links":{"self":[{"href":"https:\/\/annasela.com\/en\/wp-json\/wp\/v2\/pages\/2888","targetHints":{"allow":["GET"]}}],"collection":[{"href":"https:\/\/annasela.com\/en\/wp-json\/wp\/v2\/pages"}],"about":[{"href":"https:\/\/annasela.com\/en\/wp-json\/wp\/v2\/types\/page"}],"author":[{"embeddable":true,"href":"https:\/\/annasela.com\/en\/wp-json\/wp\/v2\/users\/1"}],"replies":[{"embeddable":true,"href":"https:\/\/annasela.com\/en\/wp-json\/wp\/v2\/comments?post=2888"}],"version-history":[{"count":1,"href":"https:\/\/annasela.com\/en\/wp-json\/wp\/v2\/pages\/2888\/revisions"}],"predecessor-version":[{"id":4802,"href":"https:\/\/annasela.com\/en\/wp-json\/wp\/v2\/pages\/2888\/revisions\/4802"}],"wp:attachment":[{"href":"https:\/\/annasela.com\/en\/wp-json\/wp\/v2\/media?parent=2888"}],"curies":[{"name":"wp","href":"https:\/\/api.w.org\/{rel}","templated":true}]}}