{"id":5308,"date":"2026-05-09T20:18:24","date_gmt":"2026-05-09T18:18:24","guid":{"rendered":"https:\/\/annasela.com\/?page_id=5308"},"modified":"2026-05-10T11:53:16","modified_gmt":"2026-05-10T09:53:16","slug":"buchung","status":"publish","type":"page","link":"https:\/\/annasela.com\/de\/rezervacia\/","title":{"rendered":"Buchung"},"content":{"rendered":"<div data-elementor-type=\"wp-page\" data-elementor-id=\"5308\" class=\"elementor elementor-5308\" data-elementor-post-type=\"page\">\n\t\t\t\t<div class=\"elementor-element elementor-element-92ced10 section-m e-flex e-con-boxed e-con e-parent\" data-id=\"92ced10\" data-element_type=\"container\" data-e-type=\"container\">\n\t\t\t\t\t<div class=\"e-con-inner\">\n\t\t\t\t<div class=\"elementor-element elementor-element-86ec499 elementor-widget elementor-widget-heading\" data-id=\"86ec499\" data-element_type=\"widget\" data-e-type=\"widget\" data-widget_type=\"heading.default\">\n\t\t\t\t\t<h2 class=\"elementor-heading-title elementor-size-default\">Buchen Sie Ihren Aufenthalt in Anna Sela<\/h2>\t\t\t\t<\/div>\n\t\t\t\t\t<\/div>\n\t\t\t\t<\/div>\n\t\t<div class=\"elementor-element elementor-element-9dadf3e section-xs e-flex e-con-boxed e-con e-parent\" data-id=\"9dadf3e\" data-element_type=\"container\" data-e-type=\"container\">\n\t\t\t\t\t<div class=\"e-con-inner\">\n\t\t<div class=\"elementor-element elementor-element-f41e99f e-con-full e-flex e-con e-child\" data-id=\"f41e99f\" data-element_type=\"container\" data-e-type=\"container\">\n\t\t\t\t<div class=\"elementor-element elementor-element-338b1ac elementor-widget elementor-widget-text-editor\" data-id=\"338b1ac\" data-element_type=\"widget\" data-e-type=\"widget\" data-widget_type=\"text-editor.default\">\n\t\t\t\t\t\t\t\t\t<p>E-Mail an uns oder <span class=\"s1\"><b>Rufen Sie  an.<\/b><\/span>, a <span class=\"s1\"><b>Verf\u00fcgbare Termine pr\u00fcfen<\/b><\/span>. Wir sind gerne bereit <span class=\"s1\"><b>wir werden alle notwendigen Informationen zur Verf\u00fcgung stellen<\/b><\/span> \u00fcber Unterkunft, Preise oder Verpflegungsm\u00f6glichkeiten. Gesprochene Sprachen: \ud83c\uddf8\ud83c\uddf0 \ud83c\udde8\ud83c\uddff \ud83c\uddf5\ud83c\uddf1 \ud83c\udde9\ud83c\uddea<\/p><p><b>In Anna Sela<\/b><span class=\"s2\"> wir sind bereit <\/span>um Sie willkommen zu hei\u00dfen<b> das ganze Jahr \u00fcber<\/b><span class=\"s2\"> - ob Sie bereits planen <\/span><b>Wochenendaufenthalt<\/b><span class=\"s2\">, <\/span><b>Familienurlaub<\/b><span class=\"s2\">, <\/span><b>Firmentreffen<\/b><span class=\"s2\"> oder <\/span><b>entspannende Flucht<\/b><span class=\"s2\"> in der Natur.<\/span><\/p><p>Die Reservierung ist <span class=\"s1\"><b>Unverbindlich und kostenlos<\/b><\/span>Die Best\u00e4tigung erfolgt nach Vereinbarung. F\u00fcllen Sie einfach das Formular aus oder kontaktieren Sie uns direkt.<\/p>\t\t\t\t\t\t\t\t<\/div>\n\t\t\t\t<div class=\"elementor-element elementor-element-8208f5c elementor-widget elementor-widget-heading\" data-id=\"8208f5c\" data-element_type=\"widget\" data-e-type=\"widget\" data-widget_type=\"heading.default\">\n\t\t\t\t\t<h2 class=\"elementor-heading-title elementor-size-default\">Wie viel kostet ein Aufenthalt bei Anna Sela?<\/h2>\t\t\t\t<\/div>\n\t\t\t\t<div class=\"elementor-element elementor-element-a2aaed5 elementor-widget elementor-widget-text-editor\" data-id=\"a2aaed5\" data-element_type=\"widget\" data-e-type=\"widget\" data-widget_type=\"text-editor.default\">\n\t\t\t\t\t\t\t\t\t<p>(8 Betten) und (6 Kinderbetten auf dem Dachboden)<\/p><p class=\"p1\">\ud83d\udd38 <b>Noclah\u00a0<\/b>\u00a0<i>(6.1. - 20.12)<\/i><i><\/i><\/p><p class=\"p1\">- 200 \u20ac \/ Nacht<\/p><p class=\"p1\">- Erm\u00e4\u00dfigung bei Aufenthalt ab 7 N\u00e4chten: nach Vereinbarung<\/p><p class=\"p1\"><span class=\"s2\">\ud83d\udd38 <\/span><b>Weihnachten und Silvester<\/b><span class=\"s2\"> <i>(21.12. - 5.1.)<\/i><\/span><\/p><p class=\"p1\">- 250 \u20ac \/ Nacht<\/p><p class=\"p1\">- Mindestens 4 N\u00e4chte<\/p><p class=\"p1\">- Kaution 50 % im Voraus<\/p><h6><b>IM PREIS INBEGRIFFEN:<\/b><\/h6><ul><li style=\"list-style-type: none;\"><ul><li><p class=\"p1\">Unterkunft f\u00fcr 8 Personen<\/p><\/li><li><p class=\"p1\">Wi-Fi, TV<\/p><\/li><li><p class=\"p1\">Bettw\u00e4sche und Handt\u00fccher<\/p><\/li><li><p class=\"p1\">Vollst\u00e4ndig ausgestattete K\u00fcche<\/p><\/li><li><p class=\"p1\">Parken auf dem Grundst\u00fcck<\/p><\/li><li><p class=\"p1\">Pavillon mit Grill<\/p><\/li><li><p class=\"p1\">Terrasse und Garten<\/p><\/li><\/ul><\/li><\/ul><p class=\"p3\">\ud83d\udccc <span class=\"s2\"><b>Einchecken:<\/b><\/span> ab 15:00<\/p><p class=\"p3\">\ud83d\udccc <span class=\"s2\"><b>Auschecken:<\/b><\/span> bis 10:00 Uhr<\/p>\t\t\t\t\t\t\t\t<\/div>\n\t\t\t\t<\/div>\n\t\t<div class=\"elementor-element elementor-element-5dcdd2a e-con-full e-flex e-con e-child\" data-id=\"5dcdd2a\" data-element_type=\"container\" data-e-type=\"container\">\n\t\t\t\t<div class=\"elementor-element elementor-element-8f33aa0 elementor-widget elementor-widget-shortcode\" data-id=\"8f33aa0\" data-element_type=\"widget\" data-e-type=\"widget\" data-widget_type=\"shortcode.default\">\n\t\t\t\t\t\t\t<div class=\"elementor-shortcode\"><form id=\"twist-bookings-form\" class=\"twb-form\" method=\"post\" novalidate action=\"\">\n  <!-- Full name (required) -->\n  <div class=\"vs-form-group\">\n    <input type=\"text\" id=\"form-field-full_name\" name=\"full_name\"\n       placeholder=\"Vollst\u00e4ndiger Name\"\n       required maxlength=\"120\" autocomplete=\"name\">\n  <\/div>\n\n  <!-- Email (required) -->\n  <div class=\"vs-form-group\">\n    <input type=\"email\" id=\"form-field-email\" name=\"email\"\n       placeholder=\"E-Mail\"\n       required maxlength=\"190\" autocomplete=\"email\">\n  <\/div>\n\n  <!-- Phone (required: vizu\u00e1l + hidden E.164) -->\n  <div class=\"vs-form-group\">\n    <input type=\"tel\" id=\"form-field-phone\" name=\"phone_display\"\n       autocomplete=\"tel\" inputmode=\"tel\" required>\n    <input type=\"hidden\" id=\"form-field-phone_full\" name=\"phone\">\n    <input type=\"hidden\" id=\"form-field-phone_country\" name=\"phone_cc\">\n  <\/div>\n\n  <!-- Adults + Children -->\n  <div class=\"vs-form-row\">\n    <div class=\"vs-form-group vs-half\">\n      <label id=\"vs-label-guests\" for=\"form-field-guests\">Erwachsene<\/label>\n      <select id=\"form-field-guests\" name=\"guests\" required>\n                  <option value=\"1\">1<\/option>\n                  <option value=\"2\">2<\/option>\n                  <option value=\"3\">3<\/option>\n                  <option value=\"4\">4<\/option>\n                  <option value=\"5\">5<\/option>\n                  <option value=\"6\">6<\/option>\n                  <option value=\"7\">7<\/option>\n                  <option value=\"8\">8<\/option>\n              <\/select>\n    <\/div>\n    <div class=\"vs-form-group vs-half\">\n      <label id=\"vs-label-children\" for=\"form-field-children\">Kinder<\/label>\n      <select id=\"form-field-children\" name=\"children\">\n                  <option value=\"0\">0<\/option>\n                  <option value=\"1\">1<\/option>\n                  <option value=\"2\">2<\/option>\n                  <option value=\"3\">3<\/option>\n                  <option value=\"4\">4<\/option>\n                  <option value=\"5\">5<\/option>\n                  <option value=\"6\">6<\/option>\n              <\/select>\n    <\/div>\n  <\/div>\n\n  <!-- Unit (hidden for now; backend can resolve default) -->\n    <input type=\"hidden\" name=\"unit_id\" value=\"\">\n  <input type=\"hidden\" name=\"unit_name\" value=\"\">\n\n  <!-- Range: Stay -->\n  <div class=\"vs-form-group\">\n    <input type=\"text\" id=\"form-field-date_range\" name=\"date_range\" autocomplete=\"off\" required style=\"display:none;\">\n    <div id=\"vs-calendar-holder\" class=\"vs-calendar-holder\"><\/div>\n  <\/div>\n\n  <!-- Info o nociach (pln\u00ed JS) -->\n  <div class=\"vs-nights-info\" aria-live=\"polite\"><\/div>\n\n  <!-- Skryt\u00e9 check-in\/out (pln\u00ed JS) -->\n  <input type=\"hidden\" id=\"form-field-check_in\"  name=\"check_in\"  value=\"\">\n  <input type=\"hidden\" id=\"form-field-check_out\" name=\"check_out\" value=\"\">\n\n  <!-- Message (optional) -->\n  <div class=\"vs-form-group\">\n    <textarea id=\"form-field-message\" name=\"message\" rows=\"4\"\n       placeholder=\"Nachricht\"><\/textarea>\n  <\/div>\n\n  <!-- Terms (required) -->\n  <div class=\"vs-terms\">\n    <label class=\"vs-terms-line\" for=\"form-field-terms\">\n      <input type=\"checkbox\" id=\"form-field-terms\" name=\"terms\" value=\"1\" required>\n      <span class=\"vs-terms-text\">\n        Ich habe gelesen und stimme zu:                  <a href=\"https:\/\/annasela.com\/de\/obchodne-podmienky\/\" target=\"_blank\" rel=\"noopener noreferrer\">Allgemeine Gesch\u00e4ftsbedingungen<\/a>\n        ,\n                  <a href=\"https:\/\/annasela.com\/de\/ochrana-osobnych-udajov\/\" target=\"_blank\" rel=\"noopener noreferrer\">Datenschutzerkl\u00e4rung<\/a>\n                 und                   <a href=\"https:\/\/annasela.com\/de\/ubytovaci-poriadok\/\" target=\"_blank\" rel=\"noopener noreferrer\">Hausordnung<\/a>\n        .\n      <\/span>\n    <\/label>\n  <\/div>\n\n  <!-- Honeypot -->\n  <div class=\"vs-honeypot\" aria-hidden=\"true\">\n    <label for=\"hp_website\">Website<\/label>\n    <input type=\"text\" id=\"hp_website\" name=\"hp_website\" tabindex=\"-1\" autocomplete=\"off\">\n  <\/div>\n\n  <!-- Jazyk + nonce -->\n  <input type=\"hidden\" name=\"language\" id=\"twist_bookings_lang\" value=\"de\">\n  <input type=\"hidden\" id=\"twist_bookings_nonce\" name=\"twist_bookings_nonce\" value=\"582b848aee\" \/><input type=\"hidden\" name=\"_wp_http_referer\" value=\"\/de\/wp-json\/wp\/v2\/pages\/5308\" \/>\n  <!-- AJAX action (pre n\u00e1\u0161 handler) -->\n  <input type=\"hidden\" name=\"action\" value=\"twb_save_reservation\">\n\n  <!-- Submit -->\n  <div class=\"vs-form-group twist-bookings-submit\">\n    <div class=\"vs-submit-wrap\"><!-- nov\u00fd wrapper kv\u00f4li layoutu hl\u00e1\u0161ky -->\n      <button id=\"vs-btn-submit\" type=\"submit\" class=\"vs-submit\">\n        Reservierung senden      <\/button>\n\n      <!-- inline hl\u00e1\u0161ka (AJAX) -->\n      <div class=\"vs-inline-message\" aria-live=\"polite\"><\/div>\n    <\/div>\n  <\/div>\n\n  <!-- Error placeholder (client-side valid\u00e1cia) -->\n  <div class=\"vs-form-errors\" role=\"alert\" aria-live=\"polite\"><\/div>\n<input type=\"hidden\" name=\"trp-form-language\" value=\"de\"\/><\/form><\/div>\n\t\t\t\t\t\t<\/div>\n\t\t\t\t<\/div>\n\t\t\t\t\t<\/div>\n\t\t\t\t<\/div>\n\t\t<div class=\"elementor-element elementor-element-96eb9f9 section-xs e-flex e-con-boxed e-con e-parent\" data-id=\"96eb9f9\" data-element_type=\"container\" data-e-type=\"container\">\n\t\t\t\t\t<div class=\"e-con-inner\">\n\t\t\t\t<div class=\"elementor-element elementor-element-1790cdb elementor-widget elementor-widget-heading\" data-id=\"1790cdb\" data-element_type=\"widget\" data-e-type=\"widget\" data-widget_type=\"heading.default\">\n\t\t\t\t\t<h2 class=\"elementor-heading-title elementor-size-default\">Der oben genannte Preis gilt f\u00fcr Direktbuchungen und enth\u00e4lt keine Geb\u00fchren von Dritten.<\/h2>\t\t\t\t<\/div>\n\t\t\t\t\t<\/div>\n\t\t\t\t<\/div>\n\t\t\t\t<\/div>","protected":false},"excerpt":{"rendered":"<p>Zarezervujte si pobyt v Anna Sela Nap\u00ed\u0161te n\u00e1m alebo zavolajte, a overte si dostupn\u00e9 term\u00edny. Radi v\u00e1m poskytneme v\u0161etky potrebn\u00e9 inform\u00e1cie o ubytovan\u00ed, cene \u010di mo\u017enostiach stravovania. Jazyky, ktor\u00fdmi komunikujeme: \ud83c\uddf8\ud83c\uddf0 \ud83c\udde8\ud83c\uddff \ud83c\uddf5\ud83c\uddf1 \ud83c\udde9\ud83c\uddea V Anna Sela sme pripraven\u00ed priv\u00edta\u0165 v\u00e1s po\u010das cel\u00e9ho roka \u2013 \u010di u\u017e pl\u00e1nujete v\u00edkendov\u00fd pobyt, rodinn\u00fa dovolenku, firemn\u00e9 stretnutie alebo [&hellip;]<\/p>\n","protected":false},"author":1,"featured_media":0,"parent":0,"menu_order":9,"comment_status":"closed","ping_status":"closed","template":"","meta":{"slim_seo":{"title":"Rezerv\u00e1cia - Anna Sela","description":"Buchen Sie Ihren Aufenthalt in Anna Sela E-Mail oder rufen Sie uns an und \u00fcberpr\u00fcfen Sie die verf\u00fcgbaren Termine. Wir versorgen Sie gerne mit allen notwendigen Informationen \u00fcber Unterkunft, Preis"},"footnotes":""},"class_list":["post-5308","page","type-page","status-publish","hentry"],"_links":{"self":[{"href":"https:\/\/annasela.com\/de\/wp-json\/wp\/v2\/pages\/5308","targetHints":{"allow":["GET"]}}],"collection":[{"href":"https:\/\/annasela.com\/de\/wp-json\/wp\/v2\/pages"}],"about":[{"href":"https:\/\/annasela.com\/de\/wp-json\/wp\/v2\/types\/page"}],"author":[{"embeddable":true,"href":"https:\/\/annasela.com\/de\/wp-json\/wp\/v2\/users\/1"}],"replies":[{"embeddable":true,"href":"https:\/\/annasela.com\/de\/wp-json\/wp\/v2\/comments?post=5308"}],"version-history":[{"count":10,"href":"https:\/\/annasela.com\/de\/wp-json\/wp\/v2\/pages\/5308\/revisions"}],"predecessor-version":[{"id":5339,"href":"https:\/\/annasela.com\/de\/wp-json\/wp\/v2\/pages\/5308\/revisions\/5339"}],"wp:attachment":[{"href":"https:\/\/annasela.com\/de\/wp-json\/wp\/v2\/media?parent=5308"}],"curies":[{"name":"wp","href":"https:\/\/api.w.org\/{rel}","templated":true}]}}