{"id":2888,"date":"2025-06-11T15:17:29","date_gmt":"2025-06-11T13:17:29","guid":{"rendered":"https:\/\/villasylvia.com\/?page_id=2888"},"modified":"2026-04-30T14:38:13","modified_gmt":"2026-04-30T12:38:13","slug":"schutz-der-personenbezogenen-daten","status":"publish","type":"page","link":"https:\/\/annasela.com\/de\/ochrana-osobnych-udajov\/","title":{"rendered":"Schutz von personenbezogenen Daten"},"content":{"rendered":"<div data-elementor-type=\"wp-page\" data-elementor-id=\"2888\" class=\"elementor elementor-2888\" data-elementor-post-type=\"page\">\n\t\t\t\t<div class=\"elementor-element elementor-element-c1ce8c4 e-flex e-con-boxed e-con e-parent\" data-id=\"c1ce8c4\" data-element_type=\"container\" data-e-type=\"container\">\n\t\t\t\t\t<div class=\"e-con-inner\">\n\t\t\t\t<div class=\"elementor-element elementor-element-6e0182f elementor-widget elementor-widget-text-editor\" data-id=\"6e0182f\" data-element_type=\"widget\" data-e-type=\"widget\" data-widget_type=\"text-editor.default\">\n\t\t\t\t\t\t\t\t\t<p class=\"p1\">Diese Datenschutzrichtlinie beschreibt unsere Richtlinien und Praktiken f\u00fcr die Erfassung, Verwendung und Offenlegung Ihrer Daten bei der Nutzung des Dienstes und informiert Sie \u00fcber Ihre Datenschutzrechte und wie das Gesetz Sie sch\u00fctzt.<\/p><p class=\"p1\">Wir verwenden Ihre pers\u00f6nlichen Daten zur Bereitstellung und Verbesserung des Dienstes. Durch die Nutzung des Dienstes erkl\u00e4ren Sie sich mit der Erfassung und Nutzung von Daten in \u00dcbereinstimmung mit dieser Datenschutzerkl\u00e4rung einverstanden.<\/p><hr \/><p class=\"p4\"><b>1. die Auslegung von Begriffen und Definitionen<\/b><b><\/b><\/p><p class=\"p4\"><b>Definitionen<\/b><b><\/b><\/p><ul><li><p class=\"p1\"><i>Konto<\/i> - ein einzigartiges Konto, das f\u00fcr Sie erstellt wurde, um auf unseren Service zuzugreifen.<\/p><\/li><li><p class=\"p1\"><i>Unternehmen<\/i> - RAJD s.r.o., Letn\u00e1 1300\/45, 05907 Lend\u00e1k, Slowakei (im Folgenden als \u201cdas Unternehmen\u201d, \u201cwir\u201d, \u201cuns\u201d oder \u201cunser\u201d bezeichnet).<\/p><\/li><li><p class=\"p1\"><i>Cookies<\/i> - kleine Dateien, die auf Ihrem Ger\u00e4t gespeichert sind und Ihren Browserverlauf aufzeichnen.<\/p><\/li><li><p class=\"p1\"><i>Landschaft<\/i> - Slowakische Republik<\/p><\/li><li><p class=\"p1\"><i>Einrichtung<\/i> - jedes Ger\u00e4t, das den Zugriff auf den Dienst erm\u00f6glicht.<\/p><\/li><li><p class=\"p1\"><i>Pers\u00f6nliche Daten<\/i> - Informationen, die sich auf eine identifizierbare Person beziehen.<\/p><\/li><li><p class=\"p1\"><i>Dienst<\/i> - Anna Sela Website (https:\/\/annasela.com)<\/p><\/li><li><p class=\"p1\"><i>Dienstanbieter<\/i> - eine dritte Partei, die Daten im Auftrag des Unternehmens verarbeitet.<\/p><\/li><li><p class=\"p1\"><i>Daten zur Nutzung<\/i> - Daten, die w\u00e4hrend Ihrer Nutzung des Dienstes automatisch erfasst werden.<\/p><\/li><\/ul><hr \/><p class=\"p4\"><b>2. Erhebung und Verwendung Ihrer personenbezogenen Daten<\/b><b><\/b><\/p><p class=\"p4\"><b>Arten der erhobenen Daten:<\/b><b><\/b><\/p><ul><li><p class=\"p1\">Vorname und Nachname<\/p><\/li><li><p class=\"p1\">E-Mail Adresse<\/p><\/li><li><p class=\"p1\">Rufnummer<\/p><\/li><li><p class=\"p1\">Adresse<\/p><\/li><li><p class=\"p1\">Ausr\u00fcstung und Pr\u00fcfdaten<\/p><\/li><\/ul><hr \/><p class=\"p4\"><b>3. Tracking-Technologien und Cookies<\/b><b><\/b><\/p><p class=\"p1\">Wir verwenden Cookies und \u00e4hnliche Technologien, um die Aktivit\u00e4ten auf unserer Website zu verfolgen. Sie k\u00f6nnen Ihren Browser so einstellen, dass er Cookies ablehnt.<\/p><p class=\"p4\"><b>Arten von Cookies:<\/b><b><\/b><\/p><ul><li><p class=\"p1\"><i>Erforderliche Cookies<\/i> - das grundlegende Funktionieren der Website zu erm\u00f6glichen<\/p><\/li><li><p class=\"p1\"><i>Zustimmung zu Cookies<\/i> - Ihre Zustimmung zur Verwendung von Cookies zu speichern<\/p><\/li><li><p class=\"p1\"><i>Funktionale Cookies<\/i> - Ihre Einstellungen speichern (z. B. Sprache)<\/p><\/li><\/ul><hr \/><p class=\"p4\"><b>4. Verwendung von personenbezogenen Daten<\/b><b><\/b><\/p><p class=\"p1\">Wir verwenden Ihre Daten, um:<\/p><ul><li><p class=\"p1\">Bereitstellung und Verwaltung des Zugangs zum Dienst<\/p><\/li><li><p class=\"p1\">Bearbeitung von Reservierungen<\/p><\/li><li><p class=\"p1\">Versand von Benachrichtigungen und Marketing (sofern Sie sich nicht dagegen entschieden haben)<\/p><\/li><li><p class=\"p1\">Analyse der Nutzung des Dienstes<\/p><\/li><li><p class=\"p1\">Rechtliche Zwecke und Betrugsbek\u00e4mpfung<\/p><\/li><\/ul><hr \/><p class=\"p4\"><b>5. Gemeinsame Nutzung von Daten<\/b><b><\/b><\/p><p class=\"p1\">Wir k\u00f6nnen Ihre Daten weitergeben an:<\/p><ul><li><p class=\"p1\">Anbieter von Dienstleistungen<\/p><\/li><li><p class=\"p1\">Gesch\u00e4ftspartner<\/p><\/li><li><p class=\"p1\">Im Falle eines Verkaufs oder einer Fusion des Unternehmens<\/p><\/li><li><p class=\"p1\">Im Falle von gesetzlichen Anforderungen<\/p><\/li><\/ul><hr \/><p class=\"p4\"><b>6. Vorratsdatenspeicherung<\/b><b><\/b><\/p><p class=\"p1\">Wir werden Ihre Daten nur so lange aufbewahren, wie es f\u00fcr die in dieser Richtlinie dargelegten Zwecke und in \u00dcbereinstimmung mit unseren gesetzlichen Verpflichtungen erforderlich ist.<\/p><hr \/><p class=\"p4\"><b>7. \u00dcbermittlung von Daten ins Ausland<\/b><b><\/b><\/p><p class=\"p1\">Ihre Daten k\u00f6nnen ins Ausland \u00fcbermittelt werden, aber wir werden sicherstellen, dass sie durch angemessene Ma\u00dfnahmen gesch\u00fctzt werden.<\/p><hr \/><p class=\"p4\"><b>8. Benutzerrechte<\/b><b><\/b><\/p><p class=\"p1\">Sie haben das Recht dazu:<\/p><ul><li><p class=\"p1\">Zugang zu Daten beantragen<\/p><\/li><li><p class=\"p1\">Daten korrigieren oder l\u00f6schen<\/p><\/li><li><p class=\"p1\">Zustimmung zur\u00fcckziehen<\/p><\/li><li><p class=\"p1\">Widerspruch gegen die Verarbeitung<\/p><\/li><li><p class=\"p1\">Antrag auf Daten\u00fcbertragbarkeit<\/p><\/li><\/ul><hr \/><p class=\"p4\"><b>9. Schutz der Daten<\/b><b><\/b><\/p><p class=\"p1\">Wir treffen angemessene Vorkehrungen, k\u00f6nnen aber keine 100 % Sicherheit garantieren.<\/p><hr \/><p class=\"p4\"><b>10. Kinder bis zu 13 Jahren<\/b><b><\/b><\/p><p class=\"p1\">Wir erbringen keine Dienstleistungen f\u00fcr Personen unter 13 Jahren und erheben nicht wissentlich Daten von ihnen.<\/p><hr \/><p class=\"p4\"><b>11. Links zu anderen Websites<\/b><b><\/b><\/p><p class=\"p1\">Wir sind nicht verantwortlich f\u00fcr die Datenschutzrichtlinien von Websites Dritter.<\/p><hr \/><p class=\"p4\"><b>12. \u00c4nderungen der Datenschutzpolitik<\/b><b><\/b><\/p><p class=\"p1\">Wir werden Sie durch die Aktualisierung dieser Seite \u00fcber \u00c4nderungen auf dem Laufenden halten.<\/p><hr \/><p class=\"p4\"><b>13. Kontakt<\/b><b><\/b><\/p><p class=\"p1\">Wenn Sie Fragen zu dieser Politik haben, wenden Sie sich bitte an uns:<\/p><ul><li><p class=\"p1\">E-Mail: rezervacie@annasela.com<\/p><\/li><li><p class=\"p1\">Web: https:\/\/annasela.com\/<\/p><\/li><li><p class=\"p1\">Telefon: +421987654321<\/p><\/li><\/ul>\t\t\t\t\t\t\t\t<\/div>\n\t\t\t\t\t<\/div>\n\t\t\t\t<\/div>\n\t\t\t\t<\/div>","protected":false},"excerpt":{"rendered":"<p>Tieto Z\u00e1sady ochrany osobn\u00fdch \u00fadajov opisuj\u00fa na\u0161e pravidl\u00e1 a postupy pri zhroma\u017e\u010fovan\u00ed, pou\u017e\u00edvan\u00ed a zverej\u0148ovan\u00ed va\u0161ich \u00fadajov pri pou\u017e\u00edvan\u00ed Slu\u017eby a informuj\u00fa v\u00e1s o va\u0161ich pr\u00e1vach na s\u00fakromie a o tom, ako v\u00e1s z\u00e1kon chr\u00e1ni. Va\u0161e osobn\u00e9 \u00fadaje pou\u017e\u00edvame na poskytovanie a zlep\u0161ovanie Slu\u017eby. Pou\u017e\u00edvan\u00edm Slu\u017eby s\u00fahlas\u00edte so zhroma\u017e\u010fovan\u00edm a pou\u017e\u00edvan\u00edm \u00fadajov v s\u00falade s [&hellip;]<\/p>\n","protected":false},"author":1,"featured_media":0,"parent":0,"menu_order":8,"comment_status":"closed","ping_status":"closed","template":"","meta":{"slim_seo":{"noindex":"1","title":"Ochrana Osobn\u00fdch \u00dadajov - Anna Sela","description":"Diese Datenschutzrichtlinie beschreibt unsere Richtlinien und Praktiken f\u00fcr die Erfassung, Verwendung und Offenlegung Ihrer Daten, wenn Sie den Dienst nutzen, und informiert Sie \u00fcber"},"footnotes":""},"class_list":["post-2888","page","type-page","status-publish","hentry"],"_links":{"self":[{"href":"https:\/\/annasela.com\/de\/wp-json\/wp\/v2\/pages\/2888","targetHints":{"allow":["GET"]}}],"collection":[{"href":"https:\/\/annasela.com\/de\/wp-json\/wp\/v2\/pages"}],"about":[{"href":"https:\/\/annasela.com\/de\/wp-json\/wp\/v2\/types\/page"}],"author":[{"embeddable":true,"href":"https:\/\/annasela.com\/de\/wp-json\/wp\/v2\/users\/1"}],"replies":[{"embeddable":true,"href":"https:\/\/annasela.com\/de\/wp-json\/wp\/v2\/comments?post=2888"}],"version-history":[{"count":1,"href":"https:\/\/annasela.com\/de\/wp-json\/wp\/v2\/pages\/2888\/revisions"}],"predecessor-version":[{"id":4802,"href":"https:\/\/annasela.com\/de\/wp-json\/wp\/v2\/pages\/2888\/revisions\/4802"}],"wp:attachment":[{"href":"https:\/\/annasela.com\/de\/wp-json\/wp\/v2\/media?parent=2888"}],"curies":[{"name":"wp","href":"https:\/\/api.w.org\/{rel}","templated":true}]}}