{"id":2884,"date":"2025-06-11T15:16:45","date_gmt":"2025-06-11T13:16:45","guid":{"rendered":"https:\/\/villasylvia.com\/?page_id=2884"},"modified":"2026-03-11T21:26:36","modified_gmt":"2026-03-11T20:26:36","slug":"unterkunftsbestimmungen","status":"publish","type":"page","link":"https:\/\/annasela.com\/de\/ubytovaci-poriadok\/","title":{"rendered":"Unterkunftsordnung"},"content":{"rendered":"<div data-elementor-type=\"wp-page\" data-elementor-id=\"2884\" class=\"elementor elementor-2884\" data-elementor-post-type=\"page\">\n\t\t\t\t<div class=\"elementor-element elementor-element-0872eb4 e-flex e-con-boxed e-con e-parent\" data-id=\"0872eb4\" data-element_type=\"container\" data-e-type=\"container\">\n\t\t\t\t\t<div class=\"e-con-inner\">\n\t\t\t\t<div class=\"elementor-element elementor-element-7ef25d1 elementor-widget elementor-widget-text-editor\" data-id=\"7ef25d1\" data-element_type=\"widget\" data-e-type=\"widget\" data-widget_type=\"text-editor.default\">\n\t\t\t\t\t\t\t\t\t<h2><b>UNTERKUNFTSBESTIMMUNGEN<\/b><\/h2><p class=\"p3\"><b>G\u00fcltig ab 01.06.2025<\/b><b><\/b><\/p><p class=\"p4\">Tento poriadok upravuje pravidl\u00e1 pobytu v chate Anna Sela a je z\u00e1v\u00e4zn\u00fd pre v\u0161etk\u00fdch ubytovan\u00fdch host\u00ed od momentu n\u00e1stupu na pobyt. Poru\u0161enie ubytovacieho poriadku m\u00f4\u017ee vies\u0165 k pred\u010dasn\u00e9mu ukon\u010deniu pobytu bez n\u00e1roku na n\u00e1hradu.<\/p><hr \/><h3><b>I. Ankunft und Abreise<\/b><\/h3><ol start=\"1\"><li><p class=\"p1\">Bei der Ankunft ist der Kunde verpflichtet, einen Identit\u00e4tsnachweis und gegebenenfalls eine Quittung f\u00fcr die Bezahlung des Aufenthalts vorzulegen.<\/p><\/li><li><p class=\"p1\">Der Check-in ist ab 16:00 Uhr m\u00f6glich. Die Check-out-Zeit am Abreisetag ist nicht sp\u00e4ter als 10:00 Uhr, sofern nicht anders vereinbart.<\/p><\/li><li><p class=\"p1\">Bei der Ankunft pr\u00fcft der Kunde den Zustand des Ferienhauses und die Funktionsf\u00e4higkeit der Ausstattung. Etwaige M\u00e4ngel sind dem Verwalter unverz\u00fcglich zu melden.<\/p><\/li><li><p class=\"p1\">Der Vermieter hat das Recht, bei der Ankunft eine r\u00fcckzahlbare Kaution von 100 \u20ac f\u00fcr den gesamten Aufenthalt zu verlangen. Die Kaution wird zur\u00fcckerstattet, wenn das Haus in seinem urspr\u00fcnglichen Zustand ohne Sch\u00e4den \u00fcbergeben wird.<\/p><\/li><\/ol><hr \/><h3><b>II. Allgemeine Verhaltensregeln<\/b><\/h3><ol start=\"5\"><li><p class=\"p1\">In der H\u00fctte ist es obligatorisch, sich umzuziehen.<\/p><\/li><li><p class=\"p1\">Das Rauchen und der Umgang mit offenem Feuer (z.B. Kerzen, Grills, Fackeln) sind im Chalet und in der Umgebung in einem Umkreis von 5 Metern verboten.<\/p><\/li><li><p class=\"p1\">Es ist verboten, irgendwelche Gegenst\u00e4nde auf den Heizelementen abzulegen.<\/p><\/li><li><p class=\"p1\">Der Kunde ist verpflichtet, die Nachtruhe von 22:00 bis 6:00 Uhr einzuhalten.<\/p><\/li><li><p class=\"p1\">Der Kunde darf nicht willk\u00fcrlich M\u00f6bel verschieben oder die Verkabelung oder andere technische Einrichtungen beeintr\u00e4chtigen.<\/p><\/li><li><p class=\"p1\">W\u00e4hrend der Abwesenheit m\u00fcssen elektrische Ger\u00e4te ausgeschaltet und Fenster und T\u00fcren geschlossen sein.<\/p><\/li><li><p class=\"p1\">Kinder unter 10 Jahren d\u00fcrfen sich nur unter st\u00e4ndiger Aufsicht von Erwachsenen auf dem Grundst\u00fcck aufhalten.<\/p><\/li><li><p class=\"p1\">Verbot der Besch\u00e4digung oder Entwertung der Ausstattung des Ferienhauses. Der Kunde ist verantwortlich f\u00fcr alle Sch\u00e4den, die w\u00e4hrend des Aufenthalts verursacht werden.<\/p><\/li><li><p class=\"p1\">Bei Verlust des Schl\u00fcssels wird eine Geb\u00fchr von 20 \u20ac erhoben.<\/p><\/li><\/ol><hr \/><h3><b>III. Tiere<\/b><\/h3><ol start=\"14\"><li><p class=\"p1\">Haustiere sind nur mit vorheriger Zustimmung des Eigent\u00fcmers erlaubt.<\/p><\/li><li><p class=\"p1\">Tiere m\u00fcssen w\u00e4hrend ihres Aufenthalts beaufsichtigt werden - freies Bewegen auf dem Grundst\u00fcck und im Garten ist verboten.<\/p><\/li><\/ol><hr \/><h3><b>IV. Technische Ausr\u00fcstung und Ger\u00e4te<\/b><\/h3><ol start=\"16\"><li><p class=\"p1\">Die Verwendung eigener Elektroger\u00e4te (mit Ausnahme von \u00fcblichen Ger\u00e4ten wie Ladeger\u00e4ten oder Laptops) muss bei der Ankunft angemeldet werden.<\/p><\/li><li><p class=\"p1\">Die elektrische Spannung in den Steckdosen betr\u00e4gt 230 V.<\/p><\/li><li><p class=\"p1\">Bei technischen St\u00f6rungen oder Problemen wenden Sie sich bitte an den Administrator:<\/p><p class=\"p1\">\ud83d\udcde +421 902 180 123<\/p><p class=\"p1\">\u00a0<\/p><\/li><\/ol><h3><b>V. Reinigung und Sauberkeit<\/b><\/h3><ol start=\"19\"><li><p class=\"p1\">Der Kunde ist verpflichtet, das Haus in demselben Zustand zu \u00fcbergeben, in dem er es \u00fcbernommen hat.<\/p><p class=\"p1\">- Bei \u00fcberm\u00e4\u00dfiger Verschmutzung (z.B. verschmutzte B\u00f6den, Teppichboden, ungewaschenes Geschirr, vernachl\u00e4ssigte Grillger\u00e4te) wird eine Geb\u00fchr von 30 \u20ac erhoben.<\/p><\/li><li><p class=\"p1\">Bettw\u00e4sche und Handt\u00fccher werden f\u00fcr den gesamten Aufenthalt zur Verf\u00fcgung gestellt. \u00c4nderungen w\u00e4hrend des Aufenthaltes sind kostenpflichtig:<\/p><p class=\"p1\">- Leinen: 6,50 \u20ac \/ Satz<\/p><p class=\"p1\">- Handtuch: 2 \u20ac \/ St\u00fcck<\/p><\/li><\/ol><hr \/><h3><b>VI. Zugang zum Geb\u00e4ude<\/b><\/h3><ol start=\"21\"><li><p class=\"p1\">Der Vermieter oder autorisiertes Personal hat das Recht, das Objekt f\u00fcr notwendige technische oder betriebliche Aufgaben zu betreten. Der Kunde wird im Voraus \u00fcber das Betreten informiert.<\/p><\/li><\/ol><hr \/><h3><b>VII. Bedingungen f\u00fcr die Annullierung<\/b><\/h3><ol start=\"22\"><li><p class=\"p1\">Im Falle einer Stornierung erhebt der Beherberger folgende Stornogeb\u00fchren:<\/p><\/li><\/ol><ul><li><p class=\"p1\"><b>mehr als 45 Tage vor dem Aufenthalt<\/b><span class=\"s1\"> - keine Geb\u00fchr<\/span><\/p><\/li><li><p class=\"p1\"><span class=\"s1\"><b>31 - 45 Tage vor dem Aufenthalt<\/b><\/span> - 50 % des Unterkunftspreises<\/p><\/li><li><p class=\"p1\"><span class=\"s1\"><b>15 - 30 Tage vor dem Aufenthalt<\/b><\/span> - 80 % des Unterkunftspreises<\/p><\/li><li><p class=\"p1\"><b>14 Tage oder weniger vor dem Aufenthalt<\/b><span class=\"s1\"> - 100 % des Unterkunftspreises<\/span><\/p><p class=\"p2\">Sofern nicht anders vereinbart, gelten die Stornierungsbedingungen.<\/p><\/li><\/ul><hr \/><h3><b>VIII. Schlussbestimmungen<\/b><\/h3><ol start=\"23\"><li><p class=\"p1\">Der Kunde ist verpflichtet, diese Unterkunftsordnung w\u00e4hrend des gesamten Aufenthaltes einzuhalten. Im Falle eines schwerwiegenden Versto\u00dfes hat der Beherberger das Recht, die Unterkunft sofort und ohne Erstattung zu k\u00fcndigen.<\/p><\/li><\/ol>\t\t\t\t\t\t\t\t<\/div>\n\t\t\t\t\t<\/div>\n\t\t\t\t<\/div>\n\t\t\t\t<\/div>","protected":false},"excerpt":{"rendered":"<p>UBYTOVAC\u00cd PORIADOK Platn\u00fd od 01.06.2025 Tento poriadok upravuje pravidl\u00e1 pobytu v chate Anna Sela a je z\u00e1v\u00e4zn\u00fd pre v\u0161etk\u00fdch ubytovan\u00fdch host\u00ed od momentu n\u00e1stupu na pobyt. Poru\u0161enie ubytovacieho poriadku m\u00f4\u017ee vies\u0165 k pred\u010dasn\u00e9mu ukon\u010deniu pobytu bez n\u00e1roku na n\u00e1hradu. I. Pr\u00edchod a odchod Pri n\u00e1stupe na pobyt je klient povinn\u00fd predlo\u017ei\u0165 doklad toto\u017enosti a pr\u00edpadne [&hellip;]<\/p>\n","protected":false},"author":1,"featured_media":0,"parent":0,"menu_order":6,"comment_status":"closed","ping_status":"closed","template":"","meta":{"slim_seo":{"noindex":"1","title":"Ubytovac\u00ed Poriadok - Anna Sela","description":"UBYTOVAC\u00cd PORIADOK Platn\u00fd od 01.06.2025 Tento poriadok upravuje pravidl\u00e1 pobytu v chate Anna Sela a je z\u00e1v\u00e4zn\u00fd pre v\u0161etk\u00fdch ubytovan\u00fdch host\u00ed od momentu n\u00e1stupu"},"footnotes":""},"class_list":["post-2884","page","type-page","status-publish","hentry"],"_links":{"self":[{"href":"https:\/\/annasela.com\/de\/wp-json\/wp\/v2\/pages\/2884","targetHints":{"allow":["GET"]}}],"collection":[{"href":"https:\/\/annasela.com\/de\/wp-json\/wp\/v2\/pages"}],"about":[{"href":"https:\/\/annasela.com\/de\/wp-json\/wp\/v2\/types\/page"}],"author":[{"embeddable":true,"href":"https:\/\/annasela.com\/de\/wp-json\/wp\/v2\/users\/1"}],"replies":[{"embeddable":true,"href":"https:\/\/annasela.com\/de\/wp-json\/wp\/v2\/comments?post=2884"}],"version-history":[{"count":0,"href":"https:\/\/annasela.com\/de\/wp-json\/wp\/v2\/pages\/2884\/revisions"}],"wp:attachment":[{"href":"https:\/\/annasela.com\/de\/wp-json\/wp\/v2\/media?parent=2884"}],"curies":[{"name":"wp","href":"https:\/\/api.w.org\/{rel}","templated":true}]}}